{"id":9813,"date":"2025-11-05T10:11:14","date_gmt":"2025-11-05T09:11:14","guid":{"rendered":"https:\/\/zaleskahalda.pl\/?page_id=9813"},"modified":"2025-12-15T10:17:01","modified_gmt":"2025-12-15T09:17:01","slug":"termomodernizacja-i-prace-towarzyszace-rataja-6a-i-8a","status":"publish","type":"page","link":"https:\/\/zaleskahalda.pl\/index.php\/informacje\/zrealizowane-inwestycje\/termomodernizacja-i-prace-towarzyszace-rataja-6a-i-8a\/","title":{"rendered":"Termomodernizacja i prace towarzysz\u0105ce &#8211; Rataja 6a i 8a"},"content":{"rendered":"\n<div class=\"wp-block-columns is-layout-flex wp-container-core-columns-is-layout-9d6595d7 wp-block-columns-is-layout-flex\">\n<div class=\"wp-block-column is-layout-flow wp-block-column-is-layout-flow\" style=\"flex-basis:33.33%\">\n<figure class=\"wp-block-image size-large\"><img loading=\"lazy\" decoding=\"async\" width=\"682\" height=\"1024\" src=\"https:\/\/zaleskahalda.pl\/wp-content\/uploads\/2025\/11\/SMZH-2025-zrealizowane-inwestycje-rataja6a-8a-9-682x1024.jpg\" alt=\"\" class=\"wp-image-9839\" srcset=\"https:\/\/zaleskahalda.pl\/wp-content\/uploads\/2025\/11\/SMZH-2025-zrealizowane-inwestycje-rataja6a-8a-9-682x1024.jpg 682w, https:\/\/zaleskahalda.pl\/wp-content\/uploads\/2025\/11\/SMZH-2025-zrealizowane-inwestycje-rataja6a-8a-9-200x300.jpg 200w, https:\/\/zaleskahalda.pl\/wp-content\/uploads\/2025\/11\/SMZH-2025-zrealizowane-inwestycje-rataja6a-8a-9-768x1152.jpg 768w, https:\/\/zaleskahalda.pl\/wp-content\/uploads\/2025\/11\/SMZH-2025-zrealizowane-inwestycje-rataja6a-8a-9.jpg 933w\" sizes=\"auto, (max-width: 682px) 100vw, 682px\" \/><\/figure>\n<\/div>\n\n\n\n<div class=\"wp-block-column is-layout-flow wp-block-column-is-layout-flow\" style=\"flex-basis:66.66%\">\n<p><strong>Rozpocz\u0119cie kompleksowej termomodernizacji budynk\u00f3w przy<\/strong> <strong>ul. Rataja 6a i 8a w Katowicach<\/strong><\/p>\n\n\n\n<p>Od pa\u017adziernika 2025 r. Sp\u00f3\u0142zielnia rozpocz\u0119\u0142a termomodernizacj\u0119 budynk\u00f3w przy ul. Rataja 6a i 8a. Prace zako\u0144czone zostan\u0105 w 2026 r.<\/p>\n\n\n\n<p>G\u0142\u00f3wnym celem inwestycji jest znacz\u0105ce ograniczenie strat ciep\u0142a oraz obni\u017cenie koszt\u00f3w eksploatacji, co bezpo\u015brednio prze\u0142o\u017cy si\u0119 na popraw\u0119 komfortu cieplnego mieszka\u0144c\u00f3w i redukcj\u0119 op\u0142at za centralne ogrzewanie.<\/p>\n<\/div>\n<\/div>\n\n\n\n<p>Zakres prac poza dociepleniem \u015bcian obejmuje poni\u017cej wymienione prace:<\/p>\n\n\n\n<ol start=\"1\" class=\"wp-block-list\">\n<li>Wymiana stolarki okiennej w cz\u0119\u015bciach wsp\u00f3lnych budynku oraz wymian\u0119 stolarki drzwiowej na parterach,<\/li>\n\n\n\n<li>Modernizacja instalacji centralnego ogrzewania,<\/li>\n\n\n\n<li>Malowanie klatek schodowych.<\/li>\n<\/ol>\n\n\n\n<figure class=\"wp-block-gallery has-nested-images columns-3 wp-block-gallery-1 is-layout-flex wp-block-gallery-is-layout-flex\">\n<figure class=\"wp-block-image size-large\"><img loading=\"lazy\" decoding=\"async\" width=\"1024\" height=\"682\" data-id=\"9842\" src=\"https:\/\/zaleskahalda.pl\/wp-content\/uploads\/2025\/11\/SMZH-2025-zrealizowane-inwestycje-rataja6a-8a-11-1024x682.jpg\" alt=\"\" class=\"wp-image-9842\" srcset=\"https:\/\/zaleskahalda.pl\/wp-content\/uploads\/2025\/11\/SMZH-2025-zrealizowane-inwestycje-rataja6a-8a-11-1024x682.jpg 1024w, https:\/\/zaleskahalda.pl\/wp-content\/uploads\/2025\/11\/SMZH-2025-zrealizowane-inwestycje-rataja6a-8a-11-300x200.jpg 300w, https:\/\/zaleskahalda.pl\/wp-content\/uploads\/2025\/11\/SMZH-2025-zrealizowane-inwestycje-rataja6a-8a-11-768x512.jpg 768w, https:\/\/zaleskahalda.pl\/wp-content\/uploads\/2025\/11\/SMZH-2025-zrealizowane-inwestycje-rataja6a-8a-11.jpg 1400w\" sizes=\"auto, (max-width: 1024px) 100vw, 1024px\" \/><\/figure>\n<\/figure>\n","protected":false},"excerpt":{"rendered":"<p>Rozpocz\u0119cie kompleksowej termomodernizacji budynk\u00f3w przy ul. Rataja 6a i 8a w Katowicach Od pa\u017adziernika 2025 r. Sp\u00f3\u0142zielnia rozpocz\u0119\u0142a termomodernizacj\u0119 budynk\u00f3w przy ul. Rataja 6a i 8a. Prace zako\u0144czone zostan\u0105 w 2026 r. G\u0142\u00f3wnym celem inwestycji jest znacz\u0105ce ograniczenie strat ciep\u0142a oraz obni\u017cenie koszt\u00f3w eksploatacji, co bezpo\u015brednio prze\u0142o\u017cy si\u0119 na popraw\u0119 komfortu cieplnego mieszka\u0144c\u00f3w i redukcj\u0119 op\u0142at za centralne ogrzewanie. Zakres prac poza dociepleniem \u015bcian obejmuje poni\u017cej wymienione prace:<\/p>\n","protected":false},"author":8,"featured_media":9838,"parent":9650,"menu_order":0,"comment_status":"closed","ping_status":"closed","template":"","meta":{"footnotes":""},"class_list":["post-9813","page","type-page","status-publish","has-post-thumbnail","hentry"],"_links":{"self":[{"href":"https:\/\/zaleskahalda.pl\/index.php\/wp-json\/wp\/v2\/pages\/9813","targetHints":{"allow":["GET"]}}],"collection":[{"href":"https:\/\/zaleskahalda.pl\/index.php\/wp-json\/wp\/v2\/pages"}],"about":[{"href":"https:\/\/zaleskahalda.pl\/index.php\/wp-json\/wp\/v2\/types\/page"}],"author":[{"embeddable":true,"href":"https:\/\/zaleskahalda.pl\/index.php\/wp-json\/wp\/v2\/users\/8"}],"replies":[{"embeddable":true,"href":"https:\/\/zaleskahalda.pl\/index.php\/wp-json\/wp\/v2\/comments?post=9813"}],"version-history":[{"count":6,"href":"https:\/\/zaleskahalda.pl\/index.php\/wp-json\/wp\/v2\/pages\/9813\/revisions"}],"predecessor-version":[{"id":10134,"href":"https:\/\/zaleskahalda.pl\/index.php\/wp-json\/wp\/v2\/pages\/9813\/revisions\/10134"}],"up":[{"embeddable":true,"href":"https:\/\/zaleskahalda.pl\/index.php\/wp-json\/wp\/v2\/pages\/9650"}],"wp:featuredmedia":[{"embeddable":true,"href":"https:\/\/zaleskahalda.pl\/index.php\/wp-json\/wp\/v2\/media\/9838"}],"wp:attachment":[{"href":"https:\/\/zaleskahalda.pl\/index.php\/wp-json\/wp\/v2\/media?parent=9813"}],"curies":[{"name":"wp","href":"https:\/\/api.w.org\/{rel}","templated":true}]}}