{"id":9805,"date":"2025-11-05T09:43:28","date_gmt":"2025-11-05T08:43:28","guid":{"rendered":"https:\/\/zaleskahalda.pl\/?page_id=9805"},"modified":"2025-11-18T13:06:10","modified_gmt":"2025-11-18T12:06:10","slug":"budowa-drogi-pozarowej-ul-obroki","status":"publish","type":"page","link":"https:\/\/zaleskahalda.pl\/index.php\/informacje\/zrealizowane-inwestycje\/budowa-drogi-pozarowej-ul-obroki\/","title":{"rendered":"Budowa drogi po\u017carowej &#8211; ul. Obroki"},"content":{"rendered":"\n<h2 class=\"wp-block-heading has-text-align-center\">Budowa drogi po\u017carowej &#8211; ul. Obroki 55a-d do 63a-c<\/h2>\n\n\n\n<figure class=\"wp-block-image size-large\"><img loading=\"lazy\" decoding=\"async\" width=\"1024\" height=\"682\" src=\"https:\/\/zaleskahalda.pl\/wp-content\/uploads\/2025\/11\/SMZH-2025-zrealizowane-inwestycje-droga-pozarowa-obroki-4-1024x682.jpg\" alt=\"\" class=\"wp-image-9802\" srcset=\"https:\/\/zaleskahalda.pl\/wp-content\/uploads\/2025\/11\/SMZH-2025-zrealizowane-inwestycje-droga-pozarowa-obroki-4-1024x682.jpg 1024w, https:\/\/zaleskahalda.pl\/wp-content\/uploads\/2025\/11\/SMZH-2025-zrealizowane-inwestycje-droga-pozarowa-obroki-4-300x200.jpg 300w, https:\/\/zaleskahalda.pl\/wp-content\/uploads\/2025\/11\/SMZH-2025-zrealizowane-inwestycje-droga-pozarowa-obroki-4-768x512.jpg 768w, https:\/\/zaleskahalda.pl\/wp-content\/uploads\/2025\/11\/SMZH-2025-zrealizowane-inwestycje-droga-pozarowa-obroki-4.jpg 1400w\" sizes=\"auto, (max-width: 1024px) 100vw, 1024px\" \/><\/figure>\n\n\n\n<p>Od wrze\u015bnia 2025 r. Sp\u00f3\u0142dzielnia Mieszkaniowa &#8222;Za\u0142\u0119ska Ha\u0142da&#8221; w Katowicach rozpocz\u0119\u0142a prace zwiazane z budow\u0105 drogi po\u017carowej wzd\u0142u\u017c budynk\u00f3w przy ul. Obroki 51a-c, 57a-c, 59a-c, 61a-c, 63-a-c.<\/p>\n\n\n\n<p>G\u0142\u00f3wnym celem inwestycji jest umo\u017cliwienie dojazdu s\u0142u\u017cb ratunkowych do ww. budynk\u00f3w. Ponadto budowa usprawni ruch ko\u0142owy przy ul. Obroki. W trakcie budowy drogi powstan\u0105 nowe miejsce parkingowe, oraz zabudowane zostan\u0105 pojemniki p\u00f3\u0142podziemne na odpady zmieszane oraz segregowane.<\/p>\n\n\n\n<p>Planowany termin zako\u0144czenia prac &#8211; 2026 rok.<\/p>\n\n\n\n<figure class=\"wp-block-gallery has-nested-images columns-4 is-cropped wp-block-gallery-1 is-layout-flex wp-block-gallery-is-layout-flex\">\n<figure class=\"wp-block-image size-large\"><img loading=\"lazy\" decoding=\"async\" width=\"682\" height=\"1024\" data-id=\"9807\" src=\"https:\/\/zaleskahalda.pl\/wp-content\/uploads\/2025\/11\/SMZH-2025-zrealizowane-inwestycje-droga-pozarowa-obroki-1-682x1024.jpg\" alt=\"\" class=\"wp-image-9807\" srcset=\"https:\/\/zaleskahalda.pl\/wp-content\/uploads\/2025\/11\/SMZH-2025-zrealizowane-inwestycje-droga-pozarowa-obroki-1-682x1024.jpg 682w, https:\/\/zaleskahalda.pl\/wp-content\/uploads\/2025\/11\/SMZH-2025-zrealizowane-inwestycje-droga-pozarowa-obroki-1-200x300.jpg 200w, https:\/\/zaleskahalda.pl\/wp-content\/uploads\/2025\/11\/SMZH-2025-zrealizowane-inwestycje-droga-pozarowa-obroki-1-768x1152.jpg 768w, https:\/\/zaleskahalda.pl\/wp-content\/uploads\/2025\/11\/SMZH-2025-zrealizowane-inwestycje-droga-pozarowa-obroki-1.jpg 933w\" sizes=\"auto, (max-width: 682px) 100vw, 682px\" \/><\/figure>\n<\/figure>\n","protected":false},"excerpt":{"rendered":"<p>Budowa drogi po\u017carowej &#8211; ul. Obroki 55a-d do 63a-c Od wrze\u015bnia 2025 r. Sp\u00f3\u0142dzielnia Mieszkaniowa &#8222;Za\u0142\u0119ska Ha\u0142da&#8221; w Katowicach rozpocz\u0119\u0142a prace zwiazane z budow\u0105 drogi po\u017carowej wzd\u0142u\u017c budynk\u00f3w przy ul. Obroki 51a-c, 57a-c, 59a-c, 61a-c, 63-a-c. G\u0142\u00f3wnym celem inwestycji jest umo\u017cliwienie dojazdu s\u0142u\u017cb ratunkowych do ww. budynk\u00f3w. Ponadto budowa usprawni ruch ko\u0142owy przy ul. Obroki. W trakcie budowy drogi powstan\u0105 nowe miejsce parkingowe, oraz zabudowane zostan\u0105 pojemniki p\u00f3\u0142podziemne na odpady&hellip; <\/p>\n","protected":false},"author":8,"featured_media":9802,"parent":9650,"menu_order":0,"comment_status":"closed","ping_status":"closed","template":"","meta":{"footnotes":""},"class_list":["post-9805","page","type-page","status-publish","has-post-thumbnail","hentry"],"_links":{"self":[{"href":"https:\/\/zaleskahalda.pl\/index.php\/wp-json\/wp\/v2\/pages\/9805","targetHints":{"allow":["GET"]}}],"collection":[{"href":"https:\/\/zaleskahalda.pl\/index.php\/wp-json\/wp\/v2\/pages"}],"about":[{"href":"https:\/\/zaleskahalda.pl\/index.php\/wp-json\/wp\/v2\/types\/page"}],"author":[{"embeddable":true,"href":"https:\/\/zaleskahalda.pl\/index.php\/wp-json\/wp\/v2\/users\/8"}],"replies":[{"embeddable":true,"href":"https:\/\/zaleskahalda.pl\/index.php\/wp-json\/wp\/v2\/comments?post=9805"}],"version-history":[{"count":3,"href":"https:\/\/zaleskahalda.pl\/index.php\/wp-json\/wp\/v2\/pages\/9805\/revisions"}],"predecessor-version":[{"id":9863,"href":"https:\/\/zaleskahalda.pl\/index.php\/wp-json\/wp\/v2\/pages\/9805\/revisions\/9863"}],"up":[{"embeddable":true,"href":"https:\/\/zaleskahalda.pl\/index.php\/wp-json\/wp\/v2\/pages\/9650"}],"wp:featuredmedia":[{"embeddable":true,"href":"https:\/\/zaleskahalda.pl\/index.php\/wp-json\/wp\/v2\/media\/9802"}],"wp:attachment":[{"href":"https:\/\/zaleskahalda.pl\/index.php\/wp-json\/wp\/v2\/media?parent=9805"}],"curies":[{"name":"wp","href":"https:\/\/api.w.org\/{rel}","templated":true}]}}