{"id":9738,"date":"2025-10-29T14:20:59","date_gmt":"2025-10-29T13:20:59","guid":{"rendered":"https:\/\/zaleskahalda.pl\/?page_id=9738"},"modified":"2025-12-15T10:15:22","modified_gmt":"2025-12-15T09:15:22","slug":"termomodernizacja-kwiatkowskiego-10a-b","status":"publish","type":"page","link":"https:\/\/zaleskahalda.pl\/index.php\/informacje\/zrealizowane-inwestycje\/termomodernizacja-kwiatkowskiego-10a-b\/","title":{"rendered":"Termomodernizacja Kwiatkowskiego 10a-b"},"content":{"rendered":"\n<h2 class=\"wp-block-heading has-text-align-center\"><strong>Kompleksowa termomodernizacja budynku przy <\/strong><br><strong>ul. Kwiatkowskiego 10a-b w Katowicach<\/strong><\/h2>\n\n\n\n<figure class=\"wp-block-image size-large\"><img loading=\"lazy\" decoding=\"async\" width=\"1024\" height=\"682\" src=\"https:\/\/zaleskahalda.pl\/wp-content\/uploads\/2025\/11\/SMZH-2025-zrealizowane-inwestycje-kwiatkowskiego10ab-1-1024x682.jpg\" alt=\"\" class=\"wp-image-9779\" srcset=\"https:\/\/zaleskahalda.pl\/wp-content\/uploads\/2025\/11\/SMZH-2025-zrealizowane-inwestycje-kwiatkowskiego10ab-1-1024x682.jpg 1024w, https:\/\/zaleskahalda.pl\/wp-content\/uploads\/2025\/11\/SMZH-2025-zrealizowane-inwestycje-kwiatkowskiego10ab-1-300x200.jpg 300w, https:\/\/zaleskahalda.pl\/wp-content\/uploads\/2025\/11\/SMZH-2025-zrealizowane-inwestycje-kwiatkowskiego10ab-1-768x512.jpg 768w, https:\/\/zaleskahalda.pl\/wp-content\/uploads\/2025\/11\/SMZH-2025-zrealizowane-inwestycje-kwiatkowskiego10ab-1.jpg 1400w\" sizes=\"auto, (max-width: 1024px) 100vw, 1024px\" \/><\/figure>\n\n\n\n<p>W okresie od pa\u017adziernika 2024 r. do czerwca 2025 r. Sp\u00f3\u0142dzielnia Mieszkaniowa \u201eZa\u0142\u0119ska Ha\u0142da\u201d zrealizowa\u0142a kompleksow\u0105 termomodernizacj\u0119 budynku mieszkalnego zlokalizowanego przy ul. Kwiatkowskiego 10a-b.<\/p>\n\n\n\n<p>Zakres zrealizowanych rob\u00f3t wykracza\u0142 poza standardow\u0105 izolacj\u0119 termiczn\u0105 i obj\u0105\u0142:<\/p>\n\n\n\n<ol start=\"1\" class=\"wp-block-list\">\n<li>Wymian\u0119 stolarki okiennej w cz\u0119\u015bciach wsp\u00f3lnych budynku oraz wymian\u0119 stolarki drzwiowej na parterach,<\/li>\n\n\n\n<li>Modernizacj\u0119 instalacji centralnego ogrzewania,<\/li>\n\n\n\n<li>Remont pokrycia dachowego,<\/li>\n\n\n\n<li>Malowanie klatek schodowych,<\/li>\n\n\n\n<li>Remont schod\u00f3w wej\u015bciowych.<\/li>\n<\/ol>\n\n\n\n<p>Inwestycja, zrealizowana w trosce o \u015brodowisko i estetyk\u0119 osiedla, przyczyni\u0142a si\u0119 do poprawy efektywno\u015bci energetycznej budynku i jego wizerunku.<\/p>\n\n\n\n<figure class=\"wp-block-gallery has-nested-images columns-4 is-cropped wp-block-gallery-1 is-layout-flex wp-block-gallery-is-layout-flex\">\n<figure class=\"wp-block-image size-large\"><img loading=\"lazy\" decoding=\"async\" width=\"1024\" height=\"682\" data-id=\"9798\" src=\"https:\/\/zaleskahalda.pl\/wp-content\/uploads\/2025\/11\/SMZH-2025-zrealizowane-inwestycje-kwiatkowskiego10ab-3-1024x682.jpg\" alt=\"\" class=\"wp-image-9798\" srcset=\"https:\/\/zaleskahalda.pl\/wp-content\/uploads\/2025\/11\/SMZH-2025-zrealizowane-inwestycje-kwiatkowskiego10ab-3-1024x682.jpg 1024w, https:\/\/zaleskahalda.pl\/wp-content\/uploads\/2025\/11\/SMZH-2025-zrealizowane-inwestycje-kwiatkowskiego10ab-3-300x200.jpg 300w, https:\/\/zaleskahalda.pl\/wp-content\/uploads\/2025\/11\/SMZH-2025-zrealizowane-inwestycje-kwiatkowskiego10ab-3-768x512.jpg 768w, https:\/\/zaleskahalda.pl\/wp-content\/uploads\/2025\/11\/SMZH-2025-zrealizowane-inwestycje-kwiatkowskiego10ab-3.jpg 1400w\" sizes=\"auto, (max-width: 1024px) 100vw, 1024px\" \/><\/figure>\n\n\n\n<figure class=\"wp-block-image size-large\"><img loading=\"lazy\" decoding=\"async\" width=\"1024\" height=\"682\" data-id=\"9794\" src=\"https:\/\/zaleskahalda.pl\/wp-content\/uploads\/2025\/11\/SMZH-2025-zrealizowane-inwestycje-kwiatkowskiego10ab-7-1024x682.jpg\" alt=\"\" class=\"wp-image-9794\" srcset=\"https:\/\/zaleskahalda.pl\/wp-content\/uploads\/2025\/11\/SMZH-2025-zrealizowane-inwestycje-kwiatkowskiego10ab-7-1024x682.jpg 1024w, https:\/\/zaleskahalda.pl\/wp-content\/uploads\/2025\/11\/SMZH-2025-zrealizowane-inwestycje-kwiatkowskiego10ab-7-300x200.jpg 300w, https:\/\/zaleskahalda.pl\/wp-content\/uploads\/2025\/11\/SMZH-2025-zrealizowane-inwestycje-kwiatkowskiego10ab-7-768x512.jpg 768w, https:\/\/zaleskahalda.pl\/wp-content\/uploads\/2025\/11\/SMZH-2025-zrealizowane-inwestycje-kwiatkowskiego10ab-7.jpg 1400w\" sizes=\"auto, (max-width: 1024px) 100vw, 1024px\" \/><\/figure>\n\n\n\n<figure class=\"wp-block-image size-large\"><img loading=\"lazy\" decoding=\"async\" width=\"1024\" height=\"682\" data-id=\"9793\" src=\"https:\/\/zaleskahalda.pl\/wp-content\/uploads\/2025\/11\/SMZH-2025-zrealizowane-inwestycje-kwiatkowskiego10ab-2-1024x682.jpg\" alt=\"\" class=\"wp-image-9793\" srcset=\"https:\/\/zaleskahalda.pl\/wp-content\/uploads\/2025\/11\/SMZH-2025-zrealizowane-inwestycje-kwiatkowskiego10ab-2-1024x682.jpg 1024w, https:\/\/zaleskahalda.pl\/wp-content\/uploads\/2025\/11\/SMZH-2025-zrealizowane-inwestycje-kwiatkowskiego10ab-2-300x200.jpg 300w, https:\/\/zaleskahalda.pl\/wp-content\/uploads\/2025\/11\/SMZH-2025-zrealizowane-inwestycje-kwiatkowskiego10ab-2-768x512.jpg 768w, https:\/\/zaleskahalda.pl\/wp-content\/uploads\/2025\/11\/SMZH-2025-zrealizowane-inwestycje-kwiatkowskiego10ab-2.jpg 1400w\" sizes=\"auto, (max-width: 1024px) 100vw, 1024px\" \/><\/figure>\n\n\n\n<figure class=\"wp-block-image size-large\"><img loading=\"lazy\" decoding=\"async\" width=\"682\" height=\"1024\" data-id=\"9795\" src=\"https:\/\/zaleskahalda.pl\/wp-content\/uploads\/2025\/11\/SMZH-2025-zrealizowane-inwestycje-kwiatkowskiego10ab-6-682x1024.jpg\" alt=\"\" class=\"wp-image-9795\" srcset=\"https:\/\/zaleskahalda.pl\/wp-content\/uploads\/2025\/11\/SMZH-2025-zrealizowane-inwestycje-kwiatkowskiego10ab-6-682x1024.jpg 682w, https:\/\/zaleskahalda.pl\/wp-content\/uploads\/2025\/11\/SMZH-2025-zrealizowane-inwestycje-kwiatkowskiego10ab-6-200x300.jpg 200w, https:\/\/zaleskahalda.pl\/wp-content\/uploads\/2025\/11\/SMZH-2025-zrealizowane-inwestycje-kwiatkowskiego10ab-6-768x1152.jpg 768w, https:\/\/zaleskahalda.pl\/wp-content\/uploads\/2025\/11\/SMZH-2025-zrealizowane-inwestycje-kwiatkowskiego10ab-6.jpg 933w\" sizes=\"auto, (max-width: 682px) 100vw, 682px\" \/><\/figure>\n\n\n\n<figure class=\"wp-block-image size-large\"><img loading=\"lazy\" decoding=\"async\" width=\"1024\" height=\"682\" data-id=\"9797\" src=\"https:\/\/zaleskahalda.pl\/wp-content\/uploads\/2025\/11\/SMZH-2025-zrealizowane-inwestycje-kwiatkowskiego10ab-4-1024x682.jpg\" alt=\"\" class=\"wp-image-9797\" srcset=\"https:\/\/zaleskahalda.pl\/wp-content\/uploads\/2025\/11\/SMZH-2025-zrealizowane-inwestycje-kwiatkowskiego10ab-4-1024x682.jpg 1024w, https:\/\/zaleskahalda.pl\/wp-content\/uploads\/2025\/11\/SMZH-2025-zrealizowane-inwestycje-kwiatkowskiego10ab-4-300x200.jpg 300w, https:\/\/zaleskahalda.pl\/wp-content\/uploads\/2025\/11\/SMZH-2025-zrealizowane-inwestycje-kwiatkowskiego10ab-4-768x512.jpg 768w, https:\/\/zaleskahalda.pl\/wp-content\/uploads\/2025\/11\/SMZH-2025-zrealizowane-inwestycje-kwiatkowskiego10ab-4.jpg 1400w\" sizes=\"auto, (max-width: 1024px) 100vw, 1024px\" \/><\/figure>\n<\/figure>\n","protected":false},"excerpt":{"rendered":"<p>Kompleksowa termomodernizacja budynku przy ul. Kwiatkowskiego 10a-b w Katowicach W okresie od pa\u017adziernika 2024 r. do czerwca 2025 r. Sp\u00f3\u0142dzielnia Mieszkaniowa \u201eZa\u0142\u0119ska Ha\u0142da\u201d zrealizowa\u0142a kompleksow\u0105 termomodernizacj\u0119 budynku mieszkalnego zlokalizowanego przy ul. Kwiatkowskiego 10a-b. Zakres zrealizowanych rob\u00f3t wykracza\u0142 poza standardow\u0105 izolacj\u0119 termiczn\u0105 i obj\u0105\u0142: Inwestycja, zrealizowana w trosce o \u015brodowisko i estetyk\u0119 osiedla, przyczyni\u0142a si\u0119 do poprawy efektywno\u015bci energetycznej budynku i jego wizerunku.<\/p>\n","protected":false},"author":8,"featured_media":0,"parent":9650,"menu_order":0,"comment_status":"closed","ping_status":"closed","template":"","meta":{"footnotes":""},"class_list":["post-9738","page","type-page","status-publish","hentry"],"_links":{"self":[{"href":"https:\/\/zaleskahalda.pl\/index.php\/wp-json\/wp\/v2\/pages\/9738","targetHints":{"allow":["GET"]}}],"collection":[{"href":"https:\/\/zaleskahalda.pl\/index.php\/wp-json\/wp\/v2\/pages"}],"about":[{"href":"https:\/\/zaleskahalda.pl\/index.php\/wp-json\/wp\/v2\/types\/page"}],"author":[{"embeddable":true,"href":"https:\/\/zaleskahalda.pl\/index.php\/wp-json\/wp\/v2\/users\/8"}],"replies":[{"embeddable":true,"href":"https:\/\/zaleskahalda.pl\/index.php\/wp-json\/wp\/v2\/comments?post=9738"}],"version-history":[{"count":8,"href":"https:\/\/zaleskahalda.pl\/index.php\/wp-json\/wp\/v2\/pages\/9738\/revisions"}],"predecessor-version":[{"id":10132,"href":"https:\/\/zaleskahalda.pl\/index.php\/wp-json\/wp\/v2\/pages\/9738\/revisions\/10132"}],"up":[{"embeddable":true,"href":"https:\/\/zaleskahalda.pl\/index.php\/wp-json\/wp\/v2\/pages\/9650"}],"wp:attachment":[{"href":"https:\/\/zaleskahalda.pl\/index.php\/wp-json\/wp\/v2\/media?parent=9738"}],"curies":[{"name":"wp","href":"https:\/\/api.w.org\/{rel}","templated":true}]}}