{"id":835,"date":"2020-06-27T16:34:26","date_gmt":"2020-06-27T14:34:26","guid":{"rendered":"http:\/\/dev.zaleskahalda.pl\/?page_id=835"},"modified":"2020-06-27T16:39:17","modified_gmt":"2020-06-27T14:39:17","slug":"ochrona-ptakow","status":"publish","type":"page","link":"https:\/\/zaleskahalda.pl\/index.php\/informacje\/ochrona-ptakow\/","title":{"rendered":"Ochrona ptak\u00f3w"},"content":{"rendered":"\n<h2 class=\"wp-block-heading\"><strong>OCHRONA PTAK\u00d3W<\/strong><\/h2>\n\n\n\n<p>Maj\u0105c na uwadze ochron\u0119 ptak\u00f3w zasiedlaj\u0105cych budownictwo mieszkalne na terenach miast, Regionalna Dyrekcja Ochrony \u015arodowiska w Katowicach wyda\u0142a ulotk\u0119 &#8222;Du\u017ce troski ma\u0142ych go\u015bci&#8221;, dotycz\u0105c\u0105 ochrony jerzyka.<\/p>\n\n\n\n<p>Zwracamy si\u0119 do wszystkich mieszka\u0144c\u00f3w o zapoznanie si\u0119 z jednym z wielu ptak\u00f3w zasiedlaj\u0105cych budynki naszego Osiedla, kt\u00f3rym jest jerzyk.<\/p>\n\n\n\n<p>Szczeg\u00f3lnie wiele sympatii w\u015br\u00f3d mieszka\u0144c\u00f3w miast budzi ten ptak, gnie\u017cd\u017c\u0105cy si\u0119 w szczelinach i stropodachach. Stw\u00f3rzmy mu wsz\u0119dzie tam gdzie jest to mo\u017cliwe, odpowiednie warunki do prze\u017cycia, nie niszcz\u0105c siedlisk l\u0119gowych jerzyka.<\/p>\n\n\n\n<div class=\"wp-block-image\"><figure class=\"alignleft size-medium\"><a href=\"http:\/\/dev.zaleskahalda.pl\/wp-content\/uploads\/2020\/06\/ptaki1.jpg\"><img decoding=\"async\" src=\"http:\/\/dev.zaleskahalda.pl\/wp-content\/uploads\/2020\/06\/ptaki1-152x300.jpg\" alt=\"\" class=\"wp-image-837\"\/><\/a><\/figure><\/div>\n\n\n\n<div class=\"wp-block-image\"><figure class=\"alignleft size-medium\"><a href=\"http:\/\/dev.zaleskahalda.pl\/wp-content\/uploads\/2020\/06\/ptaki2.jpg\"><img decoding=\"async\" src=\"http:\/\/dev.zaleskahalda.pl\/wp-content\/uploads\/2020\/06\/ptaki2-156x300.jpg\" alt=\"\" class=\"wp-image-838\"\/><\/a><\/figure><\/div>\n\n\n\n<div class=\"wp-block-image\"><figure class=\"alignleft size-medium\"><a href=\"http:\/\/dev.zaleskahalda.pl\/wp-content\/uploads\/2020\/06\/ptaki4.jpg\"><img loading=\"lazy\" decoding=\"async\" width=\"156\" height=\"300\" src=\"http:\/\/dev.zaleskahalda.pl\/wp-content\/uploads\/2020\/06\/ptaki4-156x300.jpg\" alt=\"\" class=\"wp-image-840\" srcset=\"https:\/\/zaleskahalda.pl\/wp-content\/uploads\/2020\/06\/ptaki4-156x300.jpg 156w, https:\/\/zaleskahalda.pl\/wp-content\/uploads\/2020\/06\/ptaki4.jpg 533w\" sizes=\"auto, (max-width: 156px) 100vw, 156px\" \/><\/a><\/figure><\/div>\n\n\n\n<div class=\"wp-block-image\"><figure class=\"alignleft size-medium\"><a href=\"http:\/\/dev.zaleskahalda.pl\/wp-content\/uploads\/2020\/06\/ptaki3.jpg\"><img loading=\"lazy\" decoding=\"async\" width=\"156\" height=\"300\" src=\"http:\/\/dev.zaleskahalda.pl\/wp-content\/uploads\/2020\/06\/ptaki3-156x300.jpg\" alt=\"\" class=\"wp-image-839\" srcset=\"https:\/\/zaleskahalda.pl\/wp-content\/uploads\/2020\/06\/ptaki3-156x300.jpg 156w, https:\/\/zaleskahalda.pl\/wp-content\/uploads\/2020\/06\/ptaki3.jpg 531w\" sizes=\"auto, (max-width: 156px) 100vw, 156px\" \/><\/a><\/figure><\/div>\n\n\n\n<div class=\"wp-block-image\"><figure class=\"alignleft size-medium\"><a href=\"http:\/\/dev.zaleskahalda.pl\/wp-content\/uploads\/2020\/06\/ptaki5.jpg\"><img loading=\"lazy\" decoding=\"async\" width=\"161\" height=\"300\" src=\"http:\/\/dev.zaleskahalda.pl\/wp-content\/uploads\/2020\/06\/ptaki5-161x300.jpg\" alt=\"\" class=\"wp-image-841\" srcset=\"https:\/\/zaleskahalda.pl\/wp-content\/uploads\/2020\/06\/ptaki5-161x300.jpg 161w, https:\/\/zaleskahalda.pl\/wp-content\/uploads\/2020\/06\/ptaki5.jpg 548w\" sizes=\"auto, (max-width: 161px) 100vw, 161px\" \/><\/a><\/figure><\/div>\n\n\n\n<div class=\"wp-block-image\"><figure class=\"alignleft size-medium\"><a href=\"http:\/\/dev.zaleskahalda.pl\/wp-content\/uploads\/2020\/06\/ptaki6.jpg\"><img loading=\"lazy\" decoding=\"async\" width=\"157\" height=\"300\" src=\"http:\/\/dev.zaleskahalda.pl\/wp-content\/uploads\/2020\/06\/ptaki6-157x300.jpg\" alt=\"\" class=\"wp-image-842\" srcset=\"https:\/\/zaleskahalda.pl\/wp-content\/uploads\/2020\/06\/ptaki6-157x300.jpg 157w, https:\/\/zaleskahalda.pl\/wp-content\/uploads\/2020\/06\/ptaki6.jpg 535w\" sizes=\"auto, (max-width: 157px) 100vw, 157px\" \/><\/a><\/figure><\/div>\n","protected":false},"excerpt":{"rendered":"<p>OCHRONA PTAK\u00d3W Maj\u0105c na uwadze ochron\u0119 ptak\u00f3w zasiedlaj\u0105cych budownictwo mieszkalne na terenach miast, Regionalna Dyrekcja Ochrony \u015arodowiska w Katowicach wyda\u0142a ulotk\u0119 &#8222;Du\u017ce troski ma\u0142ych go\u015bci&#8221;, dotycz\u0105c\u0105 ochrony jerzyka. Zwracamy si\u0119 do wszystkich mieszka\u0144c\u00f3w o zapoznanie si\u0119 z jednym z wielu ptak\u00f3w zasiedlaj\u0105cych budynki naszego Osiedla, kt\u00f3rym jest jerzyk. Szczeg\u00f3lnie wiele sympatii w\u015br\u00f3d mieszka\u0144c\u00f3w miast budzi ten ptak, gnie\u017cd\u017c\u0105cy si\u0119 w szczelinach i stropodachach. Stw\u00f3rzmy mu wsz\u0119dzie tam gdzie jest to&hellip; <\/p>\n","protected":false},"author":1,"featured_media":0,"parent":111,"menu_order":5,"comment_status":"closed","ping_status":"closed","template":"","meta":{"footnotes":""},"class_list":["post-835","page","type-page","status-publish","hentry"],"_links":{"self":[{"href":"https:\/\/zaleskahalda.pl\/index.php\/wp-json\/wp\/v2\/pages\/835","targetHints":{"allow":["GET"]}}],"collection":[{"href":"https:\/\/zaleskahalda.pl\/index.php\/wp-json\/wp\/v2\/pages"}],"about":[{"href":"https:\/\/zaleskahalda.pl\/index.php\/wp-json\/wp\/v2\/types\/page"}],"author":[{"embeddable":true,"href":"https:\/\/zaleskahalda.pl\/index.php\/wp-json\/wp\/v2\/users\/1"}],"replies":[{"embeddable":true,"href":"https:\/\/zaleskahalda.pl\/index.php\/wp-json\/wp\/v2\/comments?post=835"}],"version-history":[{"count":4,"href":"https:\/\/zaleskahalda.pl\/index.php\/wp-json\/wp\/v2\/pages\/835\/revisions"}],"predecessor-version":[{"id":846,"href":"https:\/\/zaleskahalda.pl\/index.php\/wp-json\/wp\/v2\/pages\/835\/revisions\/846"}],"up":[{"embeddable":true,"href":"https:\/\/zaleskahalda.pl\/index.php\/wp-json\/wp\/v2\/pages\/111"}],"wp:attachment":[{"href":"https:\/\/zaleskahalda.pl\/index.php\/wp-json\/wp\/v2\/media?parent=835"}],"curies":[{"name":"wp","href":"https:\/\/api.w.org\/{rel}","templated":true}]}}