{"id":827,"date":"2020-06-27T16:27:56","date_gmt":"2020-06-27T14:27:56","guid":{"rendered":"http:\/\/dev.zaleskahalda.pl\/?page_id=827"},"modified":"2025-01-02T08:04:58","modified_gmt":"2025-01-02T07:04:58","slug":"dzielnicowi","status":"publish","type":"page","link":"https:\/\/zaleskahalda.pl\/index.php\/informacje\/dzielnicowi\/","title":{"rendered":"Dzielnicowi"},"content":{"rendered":"\n<h2 class=\"wp-block-heading\"><strong>DZIELNICOWI<\/strong><\/h2>\n\n\n\n<p class=\"has-text-align-center\"><strong>KOMISARIAT VII POLICJI<\/strong><\/p>\n\n\n\n<p class=\"has-text-align-center\"><strong>ul. Tysi\u0105clecia 5 Katowice<br>tel. 0-47 851-39-00<\/strong><\/p>\n\n\n\n<hr class=\"wp-block-separator has-css-opacity\"\/>\n\n\n\n<p><strong>Rejon nr 68<\/strong><br><strong>sier\u017c. szt. Damian Ga\u0142ek tel. <strong>47 85 139 36<\/strong>, 600-208-583<\/strong><\/p>\n\n\n\n<p>Obejmuje ulice:<\/p>\n\n\n\n<ul class=\"wp-block-list\">\n<li>Obroki od 43 do 109 i od 84 do 140<\/li>\n\n\n\n<li>Dul\u0119by od 1 do 7<\/li>\n\n\n\n<li>Witosa od 2 do 4<\/li>\n\n\n\n<li>Pukowca 25<\/li>\n\n\n\n<li>Kossutha, S\u0142awka, Szwana<\/li>\n<\/ul>\n\n\n\n<p>Rejon nr 69<br>sie<strong>r\u017c. szt. Damian \u017bychowicz tel. <strong>47 85 139 36<\/strong>, 600-208-585<\/strong><\/p>\n\n\n\n<p>Obejmuje ulice:<\/p>\n\n\n\n<ul class=\"wp-block-list\">\n<li>Grabskiego od 5 do 29a<\/li>\n\n\n\n<li>Kwiatkowskiego od 4 do 30a<\/li>\n\n\n\n<li>Witosa od 16 do 38b<\/li>\n\n\n\n<li>Barlickiego od 3do 21a i od 4 do 4a<\/li>\n\n\n\n<li>Plac \u015awi\u0119tego Herberta<\/li>\n<\/ul>\n\n\n\n<p><strong>Rejon nr 70<br>sier\u017c. Dawid Majowski tel. <strong>47 85 139 36<\/strong>, 600-208-579<\/strong><\/p>\n\n\n\n<p>Obejmuje ulice:<\/p>\n\n\n\n<ul class=\"wp-block-list\">\n<li>Rataja od 2 do 16a<\/li>\n\n\n\n<li>Mo\u015bcickiego od 1do 9a i od 6 do10a<\/li>\n\n\n\n<li>Bardowskiego od 2 do 10b i od 3 do 3d,<\/li>\n\n\n\n<li>Witosa od 3 do 23<\/li>\n\n\n\n<li>Ossowskiego od 2 do 46<\/li>\n\n\n\n<li>Chodnikowa 33<\/li>\n\n\n\n<li>\u015acianowa 6 i od 9 do 13a<\/li>\n\n\n\n<li>Koch\u0142owicka 101<\/li>\n\n\n\n<li>Boche\u0144skiego od 67 do 125<\/li>\n<\/ul>\n","protected":false},"excerpt":{"rendered":"<p>DZIELNICOWI KOMISARIAT VII POLICJI ul. Tysi\u0105clecia 5 Katowicetel. 0-47 851-39-00 Rejon nr 68sier\u017c. szt. Damian Ga\u0142ek tel. 47 85 139 36, 600-208-583 Obejmuje ulice: Rejon nr 69sier\u017c. szt. Damian \u017bychowicz tel. 47 85 139 36, 600-208-585 Obejmuje ulice: Rejon nr 70sier\u017c. Dawid Majowski tel. 47 85 139 36, 600-208-579 Obejmuje ulice:<\/p>\n","protected":false},"author":1,"featured_media":0,"parent":111,"menu_order":5,"comment_status":"closed","ping_status":"closed","template":"","meta":{"footnotes":""},"class_list":["post-827","page","type-page","status-publish","hentry"],"_links":{"self":[{"href":"https:\/\/zaleskahalda.pl\/index.php\/wp-json\/wp\/v2\/pages\/827","targetHints":{"allow":["GET"]}}],"collection":[{"href":"https:\/\/zaleskahalda.pl\/index.php\/wp-json\/wp\/v2\/pages"}],"about":[{"href":"https:\/\/zaleskahalda.pl\/index.php\/wp-json\/wp\/v2\/types\/page"}],"author":[{"embeddable":true,"href":"https:\/\/zaleskahalda.pl\/index.php\/wp-json\/wp\/v2\/users\/1"}],"replies":[{"embeddable":true,"href":"https:\/\/zaleskahalda.pl\/index.php\/wp-json\/wp\/v2\/comments?post=827"}],"version-history":[{"count":2,"href":"https:\/\/zaleskahalda.pl\/index.php\/wp-json\/wp\/v2\/pages\/827\/revisions"}],"predecessor-version":[{"id":7977,"href":"https:\/\/zaleskahalda.pl\/index.php\/wp-json\/wp\/v2\/pages\/827\/revisions\/7977"}],"up":[{"embeddable":true,"href":"https:\/\/zaleskahalda.pl\/index.php\/wp-json\/wp\/v2\/pages\/111"}],"wp:attachment":[{"href":"https:\/\/zaleskahalda.pl\/index.php\/wp-json\/wp\/v2\/media?parent=827"}],"curies":[{"name":"wp","href":"https:\/\/api.w.org\/{rel}","templated":true}]}}