{"id":7978,"date":"2025-01-09T14:46:48","date_gmt":"2025-01-09T13:46:48","guid":{"rendered":"https:\/\/zaleskahalda.pl\/?page_id=7978"},"modified":"2026-04-15T07:25:55","modified_gmt":"2026-04-15T05:25:55","slug":"wynajem-pomieszczen-dodatkowych","status":"publish","type":"page","link":"https:\/\/zaleskahalda.pl\/index.php\/informacje\/wynajem-pomieszczen-dodatkowych\/","title":{"rendered":"Wynajem pomieszcze\u0144 dodatkowych"},"content":{"rendered":"\n<h3 class=\"wp-block-heading has-text-align-center\">Sp\u00f3\u0142dzielnia Mieszkaniowa \u201eZa\u0142\u0119ska Ha\u0142da\u201d w Katowicach informuje, \u017ce istnieje mo\u017cliwo\u015b\u0107 wynaj\u0119cia nast\u0119puj\u0105cych pomieszcze\u0144:<\/h3>\n\n\n\n<p><strong>G\u0142\u00f3wna komora zsypowa &#8211; Ossowskiego 14 <\/strong>&#8211; powierzchnia 6,70 m<sup>2<\/sup>, konkurs &#8211; ofert &#8211; minimalna op\u0142ata w wysoko\u015bci 10 z\u0142\/m<sup>2<\/sup> + 4 z\u0142 rycza\u0142t za energi\u0119 elektryczn\u0105.<br>Ubiega\u0107 si\u0119 o pomieszczenie mog\u0105 mieszka\u0144cy ca\u0142ego budynku przy ul. Ossowskiego 14-14a.<br>Wnioski (wg wzoru) przyjmowane b\u0119d\u0105 w sekretariacie Sp\u00f3\u0142dzielni w terminie do dnia 30.04.2026 r. do godziny 15:30.<\/p>\n\n\n\n<hr class=\"wp-block-separator has-alpha-channel-opacity\"\/>\n\n\n\n<p><strong><strong>G\u0142\u00f3wna komora zsypowa<\/strong> &#8211; Ossowskiego 16 <\/strong>&#8211; powierzchnia 6,60 m<sup>2<\/sup>, konkurs &#8211; ofert &#8211; minimalna op\u0142ata w wysoko\u015bci 10 z\u0142\/m<sup>2<\/sup> + 4 z\u0142 rycza\u0142t za energi\u0119 elektryczn\u0105.<br><strong><strong>G\u0142\u00f3wna komora zsypowa<\/strong> &#8211; Ossowskiego 16a <\/strong>&#8211; powierzchnia 6,50 m<sup>2<\/sup>, konkurs &#8211; ofert &#8211; minimalna op\u0142ata w wysoko\u015bci 10 z\u0142\/m<sup>2<\/sup> + 4 z\u0142 rycza\u0142t za energi\u0119 elektryczn\u0105.<br>Ubiega\u0107 si\u0119 o pomieszczenia mog\u0105 mieszka\u0144cy ca\u0142ego budynku przy ul. Ossowskiego 16-16a.<br>Wnioski (wg wzoru) przyjmowane b\u0119d\u0105 w sekretariacie Sp\u00f3\u0142dzielni w terminie do dnia 30.04.2026 r. do godziny 15:30.<\/p>\n\n\n\n<hr class=\"wp-block-separator has-alpha-channel-opacity\"\/>\n\n\n\n<p><strong><strong>G\u0142\u00f3wna komora zsypowa<\/strong> &#8211; Ossowskiego 26 <\/strong>&#8211; powierzchnia 6,90 m<sup>2<\/sup>, konkurs &#8211; ofert &#8211; minimalna op\u0142ata w wysoko\u015bci 10 z\u0142\/m<sup>2<\/sup> + 4 z\u0142 rycza\u0142t za energi\u0119 elektryczn\u0105.<br>Ubiega\u0107 si\u0119 o pomieszczenie mog\u0105 mieszka\u0144cy ca\u0142ego budynku przy ul. Ossowskiego 26-26a.<br>Wnioski (wg wzoru) przyjmowane b\u0119d\u0105 w sekretariacie Sp\u00f3\u0142dzielni w terminie do dnia 30.04.2026 r. do godziny 15:30.<\/p>\n\n\n\n<hr class=\"wp-block-separator has-alpha-channel-opacity\"\/>\n\n\n\n<p><strong>P4 &#8211; Witosa 22a<\/strong>&#8211; powierzchnia 2,50 m<sup>2<\/sup>, konkurs &#8211; ofert &#8211; minimalna op\u0142ata w wysoko\u015bci 10 z\u0142\/m<sup>2<\/sup>.<br>Wnioski (wg wzoru) przyjmowane b\u0119d\u0105 w sekretariacie Sp\u00f3\u0142dzielni w terminie do dnia 17.04.2026 r. do godziny 12:30.<br><\/p>\n\n\n\n<hr class=\"wp-block-separator has-alpha-channel-opacity\"\/>\n\n\n\n<p><strong>P4 &#8211; Grabskiego 13<\/strong> &#8211; powierzchnia 8,80 m<sup>2<\/sup>, konkurs &#8211; ofert &#8211; minimalna op\u0142ata w wysoko\u015bci 10 z\u0142\/m<sup>2<\/sup> + 4 z\u0142 rycza\u0142t za energi\u0119 elektryczn\u0105. <br>Wnioski (wg wzoru) przyjmowane b\u0119d\u0105 w sekretariacie Sp\u00f3\u0142dzielni w terminie do dnia 17.04.2026 r. do godziny 12:30.<br><\/p>\n\n\n\n<hr class=\"wp-block-separator has-alpha-channel-opacity\"\/>\n\n\n\n<p>Zasady najmu oraz korzystania z pomieszcze\u0144 okre\u015bla <em><a href=\"https:\/\/zaleskahalda.pl\/wp-content\/uploads\/2024\/12\/regulamin.pdf\" data-type=\"attachment\" data-id=\"7958\">Regulamin najmu oraz korzystania z pomieszcze\u0144 dodatkowych znajduj\u0105cych si\u0119 w zasobach Sp\u00f3\u0142dzielni Mieszkaniowej &#8222;Za\u0142\u0119ska Ha\u0142da&#8221; w Katowicach<\/a><\/em><\/p>\n\n\n\n<p>Wzory wniosk\u00f3w:<br><a href=\"https:\/\/zaleskahalda.pl\/wp-content\/uploads\/2025\/01\/Wniosek-o-najem-dodatkowego-pomieszczenia-komorki-pozsypowej-pomiedzy-pietrami-zalacznik-1.pdf\" data-type=\"attachment\" data-id=\"7987\">Wniosek o najem dodatkowego pomieszczenia &#8211; kom\u00f3rki pozsypowej pomi\u0119dzy pietrami<\/a><br><a href=\"https:\/\/zaleskahalda.pl\/wp-content\/uploads\/2025\/01\/Wniosek-o-najem-dodatkowego-pomieszczenia-zalacznik-2.pdf\" data-type=\"attachment\" data-id=\"7988\">Wniosek o najem dodatkowego pomieszczenia<\/a><\/p>\n\n\n\n<p>Wzory um\u00f3w:<br><a href=\"https:\/\/zaleskahalda.pl\/wp-content\/uploads\/2025\/01\/WZOR-UMOWY-DODATKOWE-POMIESZCZENIA-komorka-pozsypowa.pdf\" data-type=\"link\" data-id=\"https:\/\/zaleskahalda.pl\/wp-content\/uploads\/2025\/01\/WZOR-UMOWY-DODATKOWE-POMIESZCZENIA-komorka-pozsypowa.pdf\" target=\"_blank\" rel=\"noreferrer noopener\">Umowa na najem dodatkowego pomieszczenia &#8211; kom\u00f3rki pozsypowej pomi\u0119dzy pi\u0119trami<\/a><br><a href=\"https:\/\/zaleskahalda.pl\/wp-content\/uploads\/2025\/01\/WZOR-UMOWY-DODATKOWE-POMIESZCZENIA-pomieszczenie-dodatkowe.pdf\" data-type=\"link\" data-id=\"https:\/\/zaleskahalda.pl\/wp-content\/uploads\/2025\/01\/WZOR-UMOWY-DODATKOWE-POMIESZCZENIA-pomieszczenie-dodatkowe.pdf\" target=\"_blank\" rel=\"noreferrer noopener\">Umowa na najem dodatkowego pomieszczenia<\/a><\/p>\n\n\n\n<p><\/p>\n","protected":false},"excerpt":{"rendered":"<p>Sp\u00f3\u0142dzielnia Mieszkaniowa \u201eZa\u0142\u0119ska Ha\u0142da\u201d w Katowicach informuje, \u017ce istnieje mo\u017cliwo\u015b\u0107 wynaj\u0119cia nast\u0119puj\u0105cych pomieszcze\u0144: G\u0142\u00f3wna komora zsypowa &#8211; Ossowskiego 14 &#8211; powierzchnia 6,70 m2, konkurs &#8211; ofert &#8211; minimalna op\u0142ata w wysoko\u015bci 10 z\u0142\/m2 + 4 z\u0142 rycza\u0142t za energi\u0119 elektryczn\u0105.Ubiega\u0107 si\u0119 o pomieszczenie mog\u0105 mieszka\u0144cy ca\u0142ego budynku przy ul. Ossowskiego 14-14a.Wnioski (wg wzoru) przyjmowane b\u0119d\u0105 w sekretariacie Sp\u00f3\u0142dzielni w terminie do dnia 30.04.2026 r. do godziny 15:30. G\u0142\u00f3wna komora zsypowa&hellip; <\/p>\n","protected":false},"author":8,"featured_media":0,"parent":111,"menu_order":0,"comment_status":"closed","ping_status":"closed","template":"","meta":{"footnotes":""},"class_list":["post-7978","page","type-page","status-publish","hentry"],"_links":{"self":[{"href":"https:\/\/zaleskahalda.pl\/index.php\/wp-json\/wp\/v2\/pages\/7978","targetHints":{"allow":["GET"]}}],"collection":[{"href":"https:\/\/zaleskahalda.pl\/index.php\/wp-json\/wp\/v2\/pages"}],"about":[{"href":"https:\/\/zaleskahalda.pl\/index.php\/wp-json\/wp\/v2\/types\/page"}],"author":[{"embeddable":true,"href":"https:\/\/zaleskahalda.pl\/index.php\/wp-json\/wp\/v2\/users\/8"}],"replies":[{"embeddable":true,"href":"https:\/\/zaleskahalda.pl\/index.php\/wp-json\/wp\/v2\/comments?post=7978"}],"version-history":[{"count":104,"href":"https:\/\/zaleskahalda.pl\/index.php\/wp-json\/wp\/v2\/pages\/7978\/revisions"}],"predecessor-version":[{"id":10941,"href":"https:\/\/zaleskahalda.pl\/index.php\/wp-json\/wp\/v2\/pages\/7978\/revisions\/10941"}],"up":[{"embeddable":true,"href":"https:\/\/zaleskahalda.pl\/index.php\/wp-json\/wp\/v2\/pages\/111"}],"wp:attachment":[{"href":"https:\/\/zaleskahalda.pl\/index.php\/wp-json\/wp\/v2\/media?parent=7978"}],"curies":[{"name":"wp","href":"https:\/\/api.w.org\/{rel}","templated":true}]}}