{"id":482,"date":"2020-06-25T22:12:49","date_gmt":"2020-06-25T20:12:49","guid":{"rendered":"http:\/\/dev.zaleskahalda.pl\/?page_id=482"},"modified":"2025-11-27T08:53:52","modified_gmt":"2025-11-27T07:53:52","slug":"inwestycje-remonty","status":"publish","type":"page","link":"https:\/\/zaleskahalda.pl\/index.php\/przetargi\/inwestycje-remonty\/","title":{"rendered":"Inwestycje \/ Remonty"},"content":{"rendered":"\n<p class=\"has-text-align-center\"><strong>Sp\u00f3\u0142dzielnia Mieszkaniowa \u201eZa\u0142\u0119ska Ha\u0142da\u201d z siedzib\u0105 w Katowicach przy <\/strong><br><strong>ul. Kwiatkowskiego 8;<\/strong><br><strong>tel. 32-25-47-564; 32-25-47-447;<\/strong><br><strong><a href=\"http:\/\/www.zaleskahalda.pl\/\">www.zaleskahalda.pl<\/a>; <\/strong>e-mail: <a href=\"mailto:sekretariat@zaleskahalda.pl\">sekretariat@zaleskahalda.pl<\/a>)<\/p>\n\n\n\n<p class=\"has-text-align-center\">og\u0142asza przetarg nieograniczony<\/p>\n\n\n\n<p class=\"has-text-align-center\">na wykonanie prac modernizacyjnych instalacji centralnego ogrzewania w 5-ciu budynkach mieszkalnych, nale\u017c\u0105cych do zasob\u00f3w Sp\u00f3\u0142dzielni Mieszkaniowej \u201eZa\u0142\u0119ska Ha\u0142da\u201d w Katowicach.<\/p>\n\n\n\n<p class=\"has-text-align-center\">Specyfikacja Istotnych Warunk\u00f3w Zam\u00f3wienia b\u0119dzie wydawana od 01 do 11 grudnia 2025 roku w godzinach od 08.00 do 14.00 (pi\u0105tek od 8.00 do 12.00) w siedzibie Sp\u00f3\u0142dzielni pok. nr 3 po przedstawieniu dowodu wp\u0142aty kwoty 30,00 z\u0142 za SIWZ, <br>na konto PKO BP 40 1020 2313 0000 3002 0023 9343<\/p>\n\n\n\n<p class=\"has-text-align-center\">Termin sk\u0142adania ofert up\u0142ywa <strong>15 grudnia (poniedzia\u0142ek) 2025r. o godz. 15.00<\/strong><\/p>\n\n\n\n<hr class=\"wp-block-separator has-alpha-channel-opacity\"\/>\n\n\n\n<p class=\"has-text-align-center has-text-color\" style=\"color:#01458b\"><strong>ARCHIWUM<\/strong><\/p>\n\n\n\n<ul class=\"wp-block-list\">\n<li><a href=\"https:\/\/zaleskahalda.pl\/wp-content\/uploads\/2025\/11\/przetargi-na-wykonanie-robot-ogolnobudowlanych.docx\">Przetargi nieograniczone na wykonanie rob\u00f3t og\u00f3lnobudowlanych w 2025 r.<\/a><\/li>\n<\/ul>\n\n\n\n<ul class=\"wp-block-list\">\n<li><a href=\"https:\/\/zaleskahalda.pl\/wp-content\/uploads\/2025\/11\/przetarg-roboty-drogowe.docx\">Przetargi nieograniczone na wykonanie rob\u00f3t drogowych w zasobach Sp\u00f3\u0142dzielni w 2025 r.<\/a><\/li>\n<\/ul>\n\n\n\n<ul class=\"wp-block-list\">\n<li><a href=\"https:\/\/zaleskahalda.pl\/wp-content\/uploads\/2025\/06\/Przetargi-nieograniczone-roboty-budowlane.docx\">Przetargi nieograniczone na wykonanie rob\u00f3t og\u00f3lnobudowlanych w zasobach Sp\u00f3\u0142dzielni, w 2025 roku<\/a><\/li>\n<\/ul>\n\n\n\n<ul class=\"wp-block-list\">\n<li><a href=\"https:\/\/zaleskahalda.pl\/wp-content\/uploads\/2025\/06\/Przetarg-modernizacja-c.o.docx\">Przetarg nieograniczony na prac modernizacyjnych instalacji centralnego ogrzewania w 2-\u00f3ch budynkach mieszkalnych, nale\u017c\u0105cych do zasob\u00f3w Sp\u00f3\u0142dzielni Mieszkaniowej \u201eZa\u0142\u0119ska Ha\u0142da\u201d w Katowicach.<\/a><\/li>\n<\/ul>\n\n\n\n<ul class=\"wp-block-list\">\n<li><a href=\"https:\/\/zaleskahalda.pl\/wp-content\/uploads\/2025\/04\/Przetarg-nieograniczony.docx\">Przetarg nieograniczony na wykonanie prac modernizacyjnych instalacji centralnego ogrzewania<\/a><\/li>\n<\/ul>\n\n\n\n<ul class=\"wp-block-list\">\n<li><a rel=\"noreferrer noopener\" href=\"https:\/\/zaleskahalda.pl\/wp-content\/uploads\/2024\/01\/Przetarg-nieograniczony-na-wykonanie-w-latach-2024-2026-uslug-konserwacyjnych.docx\" target=\"_blank\">Przetarg nieograniczony na wykonanie w latach 2024-2026 us\u0142ug konserwacyjnych<\/a><\/li>\n<\/ul>\n\n\n\n<p><\/p>\n","protected":false},"excerpt":{"rendered":"<p>Sp\u00f3\u0142dzielnia Mieszkaniowa \u201eZa\u0142\u0119ska Ha\u0142da\u201d z siedzib\u0105 w Katowicach przy ul. Kwiatkowskiego 8;tel. 32-25-47-564; 32-25-47-447;www.zaleskahalda.pl; e-mail: sekretariat@zaleskahalda.pl) og\u0142asza przetarg nieograniczony na wykonanie prac modernizacyjnych instalacji centralnego ogrzewania w 5-ciu budynkach mieszkalnych, nale\u017c\u0105cych do zasob\u00f3w Sp\u00f3\u0142dzielni Mieszkaniowej \u201eZa\u0142\u0119ska Ha\u0142da\u201d w Katowicach. Specyfikacja Istotnych Warunk\u00f3w Zam\u00f3wienia b\u0119dzie wydawana od 01 do 11 grudnia 2025 roku w godzinach od 08.00 do 14.00 (pi\u0105tek od 8.00 do 12.00) w siedzibie Sp\u00f3\u0142dzielni pok. nr 3 po&hellip; <\/p>\n","protected":false},"author":1,"featured_media":0,"parent":113,"menu_order":0,"comment_status":"closed","ping_status":"closed","template":"","meta":{"footnotes":""},"class_list":["post-482","page","type-page","status-publish","hentry"],"_links":{"self":[{"href":"https:\/\/zaleskahalda.pl\/index.php\/wp-json\/wp\/v2\/pages\/482","targetHints":{"allow":["GET"]}}],"collection":[{"href":"https:\/\/zaleskahalda.pl\/index.php\/wp-json\/wp\/v2\/pages"}],"about":[{"href":"https:\/\/zaleskahalda.pl\/index.php\/wp-json\/wp\/v2\/types\/page"}],"author":[{"embeddable":true,"href":"https:\/\/zaleskahalda.pl\/index.php\/wp-json\/wp\/v2\/users\/1"}],"replies":[{"embeddable":true,"href":"https:\/\/zaleskahalda.pl\/index.php\/wp-json\/wp\/v2\/comments?post=482"}],"version-history":[{"count":76,"href":"https:\/\/zaleskahalda.pl\/index.php\/wp-json\/wp\/v2\/pages\/482\/revisions"}],"predecessor-version":[{"id":9954,"href":"https:\/\/zaleskahalda.pl\/index.php\/wp-json\/wp\/v2\/pages\/482\/revisions\/9954"}],"up":[{"embeddable":true,"href":"https:\/\/zaleskahalda.pl\/index.php\/wp-json\/wp\/v2\/pages\/113"}],"wp:attachment":[{"href":"https:\/\/zaleskahalda.pl\/index.php\/wp-json\/wp\/v2\/media?parent=482"}],"curies":[{"name":"wp","href":"https:\/\/api.w.org\/{rel}","templated":true}]}}