{"id":480,"date":"2020-06-25T22:12:25","date_gmt":"2020-06-25T20:12:25","guid":{"rendered":"http:\/\/dev.zaleskahalda.pl\/?page_id=480"},"modified":"2026-05-08T08:19:54","modified_gmt":"2026-05-08T06:19:54","slug":"lokale-mieszkalne","status":"publish","type":"page","link":"https:\/\/zaleskahalda.pl\/index.php\/przetargi\/lokale-mieszkalne\/","title":{"rendered":"Lokale mieszkalne"},"content":{"rendered":"\n<h2 class=\"wp-block-heading\"><strong>LOKALE MIESZKALNE<\/strong><\/h2>\n\n\n\n<p class=\"has-text-align-center has-text-color\" style=\"color:#01458b\"><strong>AKTUALNE OG\u0141OSZENIA<\/strong><\/p>\n\n\n\n<p class=\"has-text-align-center\"><strong>Sp\u00f3\u0142dzielnia Mieszkaniowa \u201eZa\u0142\u0119ska Ha\u0142da\u201d<br>w Katowicach ul. Kwiatkowskiego 8<br>og\u0142asza publiczny przetarg ustny nieograniczony<br>na zawarcie umowy o ustanowienie prawa odr\u0119bnej w\u0142asno\u015bci lokalu mieszkalnego<\/strong><br>nr 10 przy ul. Witosa 26A w Katowicach \u2013 powierzchnia u\u017cytkowa 48,65 m2<br>\u2013 2 pokoje, kuchnia, \u0142azienka, wc i przedpok\u00f3j, III pi\u0119tro w budynku IV pi\u0119trowym.<br><br>Cena wywo\u0142awcza 261.000,00 z\u0142 + op\u0142ata przekszta\u0142ceniowa z tytu\u0142u przekszta\u0142cenia<br>prawa u\u017cytkowania wieczystego gruntu w prawo w\u0142asno\u015bci w wysoko\u015bci 42,55 z\u0142.<br><br><strong>Przetarg ustny odb\u0119dzie si\u0119 w dniu 27.05.2026 roku o godzinie 12.00 w Klubie Osiedlowym<br>\u201ePLUS\u201d w Katowicach przy ul. Witosa 17.<\/strong><br><\/p>\n\n\n\n<p class=\"has-text-align-left\"><span style=\"text-decoration: underline;\">Warunki przyst\u0105pienia do przetargu:<\/span><br>a) wniesienie wadium w wysoko\u015bci 10 % ceny wywo\u0142awczej, przelewem bankowym do dnia<br>25.05.2026 roku \u2013 decyduje data wp\u0142ywu kwoty wadium na konto Sp\u00f3\u0142dzielni: PKO BP S.A.<br>86 1020 2313 0000 3002 0023 9970 oraz posiadania potwierdzenia wp\u0142aty wadium przy<br>przyst\u0105pieniu do przetargu;<br>b) z\u0142o\u017cenie do dnia 25.05.2026 roku nast\u0119puj\u0105cych dokument\u00f3w:<br> \u2212 o\u015bwiadczenia o wzi\u0119ciu udzia\u0142u w przetargu na lokal mieszkalny \u2013 druk do pobrania<br>w Sp\u00f3\u0142dzielni lub na stronie internetowej: www.zaleskahalda.pl<br>\u2212 z\u0142o\u017cenie stosownych pe\u0142nomocnictw, je\u017celi osoba fizyczna nie dzia\u0142a osobi\u015bcie;<br>\u2212 w przypadku osoby pozostaj\u0105cej w zwi\u0105zku ma\u0142\u017ce\u0144skim i we wsp\u00f3lno\u015bci maj\u0105tkowej<br>ma\u0142\u017ce\u0144skiej \u2013 przed\u0142o\u017cenie pisemnej zgody wsp\u00f3\u0142ma\u0142\u017conka nie bior\u0105cego udzia\u0142u<br>w przetargu;<br>\u2212 w przypadku osoby prawnej, z\u0142o\u017cenie aktualnego wypisu z w\u0142a\u015bciwego rejestru lub<br>ewidencji gospodarczej (wystawionego nie wcze\u015bniej ni\u017c 1 miesi\u0105c przed dat\u0105 przetargu).<\/p>\n\n\n\n<p class=\"has-text-align-left\">Sp\u00f3\u0142dzielnia zastrzega sobie prawo uniewa\u017cnienia przetargu ustnego w ca\u0142o\u015bci lub w cz\u0119\u015bci<br>bez podania przyczyny.<br><br>Bli\u017cszych informacji udziela Dzia\u0142 Cz\u0142onkowsko\u2013Mieszkaniowy, pok. nr 6\u20138, tel.: 32 2547-447,<br>32 2547-941, 32 2547-564 wew. 45, 46 lub 47, 32 782-21-34.<\/p>\n\n\n\n<p><\/p>\n","protected":false},"excerpt":{"rendered":"<p>LOKALE MIESZKALNE AKTUALNE OG\u0141OSZENIA Sp\u00f3\u0142dzielnia Mieszkaniowa \u201eZa\u0142\u0119ska Ha\u0142da\u201dw Katowicach ul. Kwiatkowskiego 8og\u0142asza publiczny przetarg ustny nieograniczonyna zawarcie umowy o ustanowienie prawa odr\u0119bnej w\u0142asno\u015bci lokalu mieszkalnegonr 10 przy ul. Witosa 26A w Katowicach \u2013 powierzchnia u\u017cytkowa 48,65 m2\u2013 2 pokoje, kuchnia, \u0142azienka, wc i przedpok\u00f3j, III pi\u0119tro w budynku IV pi\u0119trowym. Cena wywo\u0142awcza 261.000,00 z\u0142 + op\u0142ata przekszta\u0142ceniowa z tytu\u0142u przekszta\u0142ceniaprawa u\u017cytkowania wieczystego gruntu w prawo w\u0142asno\u015bci w wysoko\u015bci 42,55 z\u0142.&hellip; <\/p>\n","protected":false},"author":1,"featured_media":0,"parent":113,"menu_order":0,"comment_status":"closed","ping_status":"closed","template":"","meta":{"footnotes":""},"class_list":["post-480","page","type-page","status-publish","hentry"],"_links":{"self":[{"href":"https:\/\/zaleskahalda.pl\/index.php\/wp-json\/wp\/v2\/pages\/480","targetHints":{"allow":["GET"]}}],"collection":[{"href":"https:\/\/zaleskahalda.pl\/index.php\/wp-json\/wp\/v2\/pages"}],"about":[{"href":"https:\/\/zaleskahalda.pl\/index.php\/wp-json\/wp\/v2\/types\/page"}],"author":[{"embeddable":true,"href":"https:\/\/zaleskahalda.pl\/index.php\/wp-json\/wp\/v2\/users\/1"}],"replies":[{"embeddable":true,"href":"https:\/\/zaleskahalda.pl\/index.php\/wp-json\/wp\/v2\/comments?post=480"}],"version-history":[{"count":17,"href":"https:\/\/zaleskahalda.pl\/index.php\/wp-json\/wp\/v2\/pages\/480\/revisions"}],"predecessor-version":[{"id":11175,"href":"https:\/\/zaleskahalda.pl\/index.php\/wp-json\/wp\/v2\/pages\/480\/revisions\/11175"}],"up":[{"embeddable":true,"href":"https:\/\/zaleskahalda.pl\/index.php\/wp-json\/wp\/v2\/pages\/113"}],"wp:attachment":[{"href":"https:\/\/zaleskahalda.pl\/index.php\/wp-json\/wp\/v2\/media?parent=480"}],"curies":[{"name":"wp","href":"https:\/\/api.w.org\/{rel}","templated":true}]}}