{"id":425,"date":"2020-06-25T21:22:09","date_gmt":"2020-06-25T19:22:09","guid":{"rendered":"http:\/\/dev.zaleskahalda.pl\/?page_id=425"},"modified":"2025-08-20T14:28:24","modified_gmt":"2025-08-20T12:28:24","slug":"statut-s-m-zaleska-halda","status":"publish","type":"page","link":"https:\/\/zaleskahalda.pl\/index.php\/akty-prawne\/statut-s-m-zaleska-halda\/","title":{"rendered":"Statut S.M. &#8222;Za\u0142\u0119ska Ha\u0142da&#8221;"},"content":{"rendered":"\n<h2 class=\"wp-block-heading\"><strong>STATUT S.M. &#8222;ZA\u0141\u0118SKA HA\u0141DA&#8221;<\/strong><\/h2>\n\n\n\n<p>Sp\u00f3\u0142dzielnia dzia\u0142a w oparciu o Ustaw\u0119 Prawo sp\u00f3\u0142dzielcze i Ustaw\u0119 o sp\u00f3\u0142dzielniach mieszkaniowych, a jej codzienne funkcjonowanie okre\u015blaj\u0105 przepisy zawarte w Statucie. To najwa\u017cniejszy dokument, a wp\u0142yw na jego powstanie maj\u0105 wszyscy cz\u0142onkowie Sp\u00f3\u0142dzielni. Ustala on zasady dzia\u0142ania ka\u017cdej sp\u00f3\u0142dzielni oraz jej przepisy wewn\u0119trzne.<\/p>\n\n\n\n<p class=\"has-text-align-center\"><a href=\"https:\/\/zaleskahalda.pl\/wp-content\/uploads\/2025\/08\/Tekst-jednolity-Statutu-28.05.2022r.-WERSJA-ZGODNA-Z-UCHWALA.pdf\">Statut<\/a><\/p>\n\n\n\n<p><strong>Chronologia rejestracji Statutu S.M. &#8222;Za\u0142\u0119ska Ha\u0142da&#8221; w Katowicach<\/strong><\/p>\n\n\n\n<p>STATUT UCHWALONY UCHWA\u0141\u0104 Nr 7\/ZPCz\/2002 z dnia 12 stycznia 2002 roku na ZEBRANIU PRZEDSTAWICIELI CZ\u0141ONK\u00d3W (zarejestrowany w S\u0105dzie Rejonowym w Katowicach Wydzia\u0142 Gospodarczy Krajowego Rejestru S\u0105dowego w dniu 25 kwietnia 2002 r.).<\/p>\n\n\n\n<p><strong>Z P\u00d3\u0179NIEJSZYMI ZMIANAMI ZATWIERDZONYMI:<\/strong><\/p>\n\n\n\n<ol class=\"wp-block-list\">\n<li>UCHWA\u0141\u0104 Nr 23\/ZPCz\/2003 z dnia 24 maja 2003 r. ZEBRANIA PRZEDSTAWICIELI CZ\u0141ONK\u00d3W &#8211; (zarejestrowanymi w S\u0105dzie Rejonowym w Katowicach Wydzia\u0142 Gospodarczy Krajowego Rejestru S\u0105dowego w dniu 24 czerwca 2003 r.).<\/li>\n\n\n\n<li>UCHWA\u0141\u0104 Nr 8\/ZPCz\/2006 z dnia 27 maja 2006 r. ZEBRANIA PRZEDSTAWICIELI CZ\u0141ONK\u00d3W &#8211; (zarejestrowanymi w S\u0105dzie Rejonowym w Katowicach Wydzia\u0142 Gospodarczy Krajowego Rejestru S\u0105dowego w dniu 27 czerwca 2006 r.)<\/li>\n\n\n\n<li>UCHWA\u0141\u0104 Nr 17\/ZPCz\/2007 z dnia 28 listopada 2007 r. ZEBRANIA PRZEDSTAWICIELI CZ\u0141ONK\u00d3W &#8211; (zarejestrowanymi w S\u0105dzie Rejonowym Katowice-Wsch\u00f3d w Katowicach Wydzia\u0142 Gospodarczy Krajowego Rejestru S\u0105dowego w dniu 25 stycznia 2008 r.).<\/li>\n\n\n\n<li>UCHWA\u0141\u0104 Nr 3\/WZ\/2015 z dnia 30 maja 2015 r. WALNEGO ZGROMADZENIA Sp\u00f3\u0142dzielni (zarejestrowanymi w S\u0105dzie Rejonowym w Katowicach VIII Wydzia\u0142 Gospodarczy Krajowego Rejestru S\u0105dowego w dniu 13 sierpnia 2015 roku).<\/li>\n\n\n\n<li>UCHWA\u0141\u0104 Nr 2\/WZ\/2016 z dnia 25 stycznia 2016 r. WALNEGO ZGROMADZENIA Sp\u00f3\u0142dzielni (zarejestrowanymi w S\u0105dzie Rejonowym w Katowicach VIII Wydzia\u0142 Gospodarczy Krajowego Rejestru S\u0105dowego w dniu 8 marca 2016 roku).<\/li>\n\n\n\n<li>UCHWA\u0141\u0104 Nr 2\/WZ\/2018 z dnia 19 maja 2018 r. WALNEGO ZGROMADZENIA Sp\u00f3\u0142dzielni (zarejestrowanymi w S\u0105dzie Rejonowym w Katowicach VIII Wydzia\u0142 Gospodarczy Krajowego Rejestru S\u0105dowego w dniu 29 czerwca 2018 roku).<\/li>\n\n\n\n<li>UCHWA\u0141\u0104 Nr 19\/WZ\/2022 z dnia 28 maja 2022 r. WALNEGO ZGROMADZENIA Sp\u00f3\u0142dzielni (zarejestrowanymi w S\u0105dzie Rejonowym w Katowicach VIII Wydzia\u0142 Gospodarczy Krajowego Rejestru S\u0105dowego w dniu 3 czerwca 2022 roku).<\/li>\n<\/ol>\n","protected":false},"excerpt":{"rendered":"<p>STATUT S.M. &#8222;ZA\u0141\u0118SKA HA\u0141DA&#8221; Sp\u00f3\u0142dzielnia dzia\u0142a w oparciu o Ustaw\u0119 Prawo sp\u00f3\u0142dzielcze i Ustaw\u0119 o sp\u00f3\u0142dzielniach mieszkaniowych, a jej codzienne funkcjonowanie okre\u015blaj\u0105 przepisy zawarte w Statucie. To najwa\u017cniejszy dokument, a wp\u0142yw na jego powstanie maj\u0105 wszyscy cz\u0142onkowie Sp\u00f3\u0142dzielni. Ustala on zasady dzia\u0142ania ka\u017cdej sp\u00f3\u0142dzielni oraz jej przepisy wewn\u0119trzne. Statut Chronologia rejestracji Statutu S.M. &#8222;Za\u0142\u0119ska Ha\u0142da&#8221; w Katowicach STATUT UCHWALONY UCHWA\u0141\u0104 Nr 7\/ZPCz\/2002 z dnia 12 stycznia 2002 roku na ZEBRANIU&hellip; <\/p>\n","protected":false},"author":1,"featured_media":0,"parent":109,"menu_order":0,"comment_status":"closed","ping_status":"closed","template":"","meta":{"footnotes":""},"class_list":["post-425","page","type-page","status-publish","hentry"],"_links":{"self":[{"href":"https:\/\/zaleskahalda.pl\/index.php\/wp-json\/wp\/v2\/pages\/425","targetHints":{"allow":["GET"]}}],"collection":[{"href":"https:\/\/zaleskahalda.pl\/index.php\/wp-json\/wp\/v2\/pages"}],"about":[{"href":"https:\/\/zaleskahalda.pl\/index.php\/wp-json\/wp\/v2\/types\/page"}],"author":[{"embeddable":true,"href":"https:\/\/zaleskahalda.pl\/index.php\/wp-json\/wp\/v2\/users\/1"}],"replies":[{"embeddable":true,"href":"https:\/\/zaleskahalda.pl\/index.php\/wp-json\/wp\/v2\/comments?post=425"}],"version-history":[{"count":5,"href":"https:\/\/zaleskahalda.pl\/index.php\/wp-json\/wp\/v2\/pages\/425\/revisions"}],"predecessor-version":[{"id":9226,"href":"https:\/\/zaleskahalda.pl\/index.php\/wp-json\/wp\/v2\/pages\/425\/revisions\/9226"}],"up":[{"embeddable":true,"href":"https:\/\/zaleskahalda.pl\/index.php\/wp-json\/wp\/v2\/pages\/109"}],"wp:attachment":[{"href":"https:\/\/zaleskahalda.pl\/index.php\/wp-json\/wp\/v2\/media?parent=425"}],"curies":[{"name":"wp","href":"https:\/\/api.w.org\/{rel}","templated":true}]}}