{"id":28,"date":"2020-06-24T14:36:48","date_gmt":"2020-06-24T12:36:48","guid":{"rendered":"http:\/\/dev.zaleskahalda.pl\/?page_id=28"},"modified":"2026-02-09T15:49:35","modified_gmt":"2026-02-09T14:49:35","slug":"e-uslugi","status":"publish","type":"page","link":"https:\/\/zaleskahalda.pl\/index.php\/e-uslugi\/","title":{"rendered":"e-Us\u0142ugi"},"content":{"rendered":"\n<h2 class=\"wp-block-heading\"><span style=\"color:#014689\" class=\"has-inline-color\"><strong>e-Us\u0142ugi<\/strong><\/span><\/h2>\n\n\n\n<p class=\"has-text-align-center\"><strong><span style=\"color:#014689\" class=\"has-inline-color\">Zaloguj si\u0119 do systemu e-Us\u0142ugi<\/span><\/strong><\/p>\n\n\n\n<div class=\"wp-block-buttons is-content-justification-center is-layout-flex wp-container-core-buttons-is-layout-16018d1d wp-block-buttons-is-layout-flex\">\n<div class=\"wp-block-button\"><a class=\"wp-block-button__link has-text-color has-background wp-element-button\" href=\"https:\/\/weblokator.zaleskahalda.pl\/\" style=\"border-radius:6px;color:#fcfcfc;background-color:#014689\" target=\"_blank\" rel=\"noreferrer noopener\">Logowanie<\/a><\/div>\n<\/div>\n\n\n\n<p>Aplikacja \u201ee \u2013 Us\u0142ugi\u201d to elektroniczny system umo\u017cliwiaj\u0105cy zapoznanie si\u0119 w bezpieczny spos\u00f3b i bez konieczno\u015bci wizyty w Sp\u00f3\u0142dzielni z danymi dotycz\u0105cymi lokalu, histori\u0105 finansow\u0105 lokalu, informacj\u0105 o wymiarze: op\u0142at, odczytach wodomierzy mieszkaniowych, stanie konta za lokal, rachunkach bankowych. Dane dotycz\u0105ce nalicze\u0144 i wp\u0142at uaktualniane s\u0105 oko\u0142o 20 dnia danego miesi\u0105ca za poprzedni miesi\u0105c.<\/p>\n\n\n\n<p>Adresatami us\u0142ugi s\u0105 osoby posiadaj\u0105ce tytu\u0142 prawny do lokalu. Aby skorzysta\u0107 z tej us\u0142ugi nale\u017cy:<\/p>\n\n\n\n<ul class=\"wp-block-list\">\n<li>zg\u0142osi\u0107 si\u0119 osobi\u015bcie w siedzibie Sp\u00f3\u0142dzielni do pokoju nr 18 i wype\u0142ni\u0107 formularz aktywacyjny,<\/li>\n\n\n\n<li>dysponowa\u0107 dost\u0119pem do komputera oraz sieci Internet.<\/li>\n<\/ul>\n\n\n\n<p>Po wype\u0142nieniu otrzymanego formularza oraz dokonaniu weryfikacji Pa\u0144stwa to\u017csamo\u015bci pracownik Sp\u00f3\u0142dzielni wygeneruje dla Pa\u0144stwa login oraz has\u0142o startowe.<br>Podczas operacji pierwszego logowania zostan\u0105 Pa\u0144stwo poproszeni o zmian\u0119 has\u0142a, co wyeliminuje mo\u017cliwo\u015b\u0107 dost\u0119pu do Pa\u0144stwa danych przez osoby nieuprawnione. W przypadku zapomnienia has\u0142a nale\u017cy zwr\u00f3ci\u0107 si\u0119 do Sp\u00f3\u0142dzielni osobi\u015bcie o wygenerowanie nowego has\u0142a.<\/p>\n\n\n\n<ul class=\"wp-block-list\">\n<li><a href=\"http:\/\/dev.zaleskahalda.pl\/wp-content\/uploads\/2020\/06\/Regulamin-korzystania-z-serwisu-e-uslugi-poprawiony.pdf\" target=\"_blank\" rel=\"noreferrer noopener\">Regulamin korzystania z serwisu &#8222;e &#8211; Us\u0142ugi&#8221;<\/a><\/li>\n\n\n\n<li><a href=\"http:\/\/dev.zaleskahalda.pl\/wp-content\/uploads\/2020\/06\/Zalacznik-nr-1-do-Regulaminu-serwisu-e-uslugi-poprawiony.pdf\" target=\"_blank\" rel=\"noreferrer noopener\">Wniosek o udost\u0119pnienie aplikacji &#8222;e &#8211; Us\u0142ugi&#8221;<\/a><\/li>\n<\/ul>\n\n\n\n<p><\/p>\n\n\n\n<p class=\"has-text-align-center\"><strong><span style=\"color:#014689\" class=\"has-inline-color\">Zaloguj si\u0119 do systemu e-Us\u0142ugi<\/span><\/strong><\/p>\n\n\n\n<div class=\"wp-block-buttons is-content-justification-center is-layout-flex wp-container-core-buttons-is-layout-16018d1d wp-block-buttons-is-layout-flex\">\n<div class=\"wp-block-button\"><a class=\"wp-block-button__link has-text-color has-background wp-element-button\" href=\"https:\/\/weblokator.zaleskahalda.pl\/\" style=\"border-radius:6px;color:#fcfcfc;background-color:#014689\" target=\"_blank\" rel=\"noreferrer noopener\">Logowanie<\/a><\/div>\n<\/div>\n","protected":false},"excerpt":{"rendered":"<p>e-Us\u0142ugi Zaloguj si\u0119 do systemu e-Us\u0142ugi Aplikacja \u201ee \u2013 Us\u0142ugi\u201d to elektroniczny system umo\u017cliwiaj\u0105cy zapoznanie si\u0119 w bezpieczny spos\u00f3b i bez konieczno\u015bci wizyty w Sp\u00f3\u0142dzielni z danymi dotycz\u0105cymi lokalu, histori\u0105 finansow\u0105 lokalu, informacj\u0105 o wymiarze: op\u0142at, odczytach wodomierzy mieszkaniowych, stanie konta za lokal, rachunkach bankowych. Dane dotycz\u0105ce nalicze\u0144 i wp\u0142at uaktualniane s\u0105 oko\u0142o 20 dnia danego miesi\u0105ca za poprzedni miesi\u0105c. Adresatami us\u0142ugi s\u0105 osoby posiadaj\u0105ce tytu\u0142 prawny do lokalu. Aby&hellip; <\/p>\n","protected":false},"author":1,"featured_media":0,"parent":0,"menu_order":5,"comment_status":"closed","ping_status":"closed","template":"","meta":{"footnotes":""},"class_list":["post-28","page","type-page","status-publish","hentry"],"_links":{"self":[{"href":"https:\/\/zaleskahalda.pl\/index.php\/wp-json\/wp\/v2\/pages\/28","targetHints":{"allow":["GET"]}}],"collection":[{"href":"https:\/\/zaleskahalda.pl\/index.php\/wp-json\/wp\/v2\/pages"}],"about":[{"href":"https:\/\/zaleskahalda.pl\/index.php\/wp-json\/wp\/v2\/types\/page"}],"author":[{"embeddable":true,"href":"https:\/\/zaleskahalda.pl\/index.php\/wp-json\/wp\/v2\/users\/1"}],"replies":[{"embeddable":true,"href":"https:\/\/zaleskahalda.pl\/index.php\/wp-json\/wp\/v2\/comments?post=28"}],"version-history":[{"count":14,"href":"https:\/\/zaleskahalda.pl\/index.php\/wp-json\/wp\/v2\/pages\/28\/revisions"}],"predecessor-version":[{"id":10444,"href":"https:\/\/zaleskahalda.pl\/index.php\/wp-json\/wp\/v2\/pages\/28\/revisions\/10444"}],"wp:attachment":[{"href":"https:\/\/zaleskahalda.pl\/index.php\/wp-json\/wp\/v2\/media?parent=28"}],"curies":[{"name":"wp","href":"https:\/\/api.w.org\/{rel}","templated":true}]}}