{"id":278,"date":"2020-06-25T11:39:11","date_gmt":"2020-06-25T09:39:11","guid":{"rendered":"http:\/\/dev.zaleskahalda.pl\/?page_id=278"},"modified":"2026-03-13T08:56:55","modified_gmt":"2026-03-13T07:56:55","slug":"sprawy-czlonkowsko-mieszkaniowe","status":"publish","type":"page","link":"https:\/\/zaleskahalda.pl\/index.php\/spoldzielnia\/sprawy-czlonkowsko-mieszkaniowe\/","title":{"rendered":"Sprawy cz\u0142onkowsko-mieszkaniowe"},"content":{"rendered":"\n<h2 class=\"wp-block-heading has-text-color\" style=\"color:#01458b\"><strong>SPRAWY CZ\u0141ONKOWSKO-MIESZKANIOWE<\/strong><\/h2>\n\n\n\n<p><strong>DODATKI&nbsp; MIESZKANIOWE<\/strong><\/p>\n\n\n\n<p>Pragniemy, ponownie przypomnie\u0107 mieszka\u0144com naszego Osiedla, o istniej\u0105cych mo\u017cliwo\u015bciach w uzyskaniu dop\u0142aty do czynszu, w formie dodatku mieszkaniowego. Dodatek mieszkaniowy to \u015bwiadczenie, kt\u00f3re ma by\u0107 wsparciem w trudnej sytuacji materialnej. Przyznawany jest raz na p\u00f3\u0142 roku przez Urz\u0105d Miasta.<\/p>\n\n\n\n<p>O dodatek mieszkaniowy mog\u0105 ubiega\u0107 si\u0119 osoby spe\u0142niaj\u0105ce ni\u017cej podane kryteria:<\/p>\n\n\n\n<p>\u015bredni doch\u00f3d na miesi\u0105c oblicza si\u0119 dziel\u0105c doch\u00f3d gospodarstwa domowego przez trzy (liczba miesi\u0119cy) i przez liczb\u0119 os\u00f3b w gospodarstwie domowym. O dodatek mo\u017cna si\u0119 ubiega\u0107, je\u017celi po obliczeniu okazuje si\u0119, \u017ce \u015bredni doch\u00f3d na jedn\u0105 osob\u0119 nie przekracza:<\/p>\n\n\n\n<ul class=\"wp-block-list\">\n<li>40% przeci\u0119tnego wynagrodzenia w gospodarce narodowej &#8211; dla osoby mieszkaj\u0105cej samotnie (aktualnie jest to <strong>3.561,42<\/strong>&nbsp;<strong>z\u0142)<\/strong><\/li>\n\n\n\n<li>30% przeci\u0119tnego wynagrodzenia w gospodarce narodowej \u2013 dla rodziny, w kt\u00f3rej s\u0105 co najmniej dwie osoby (aktualnie jest to <strong>2.671,07<\/strong>&nbsp;<strong>z\u0142<\/strong>).<\/li>\n<\/ul>\n\n\n\n<p>Osoby, ubiegaj\u0105ce si\u0119 o dodatek mieszkaniowy musz\u0105 posiada\u0107 tytu\u0142 prawny do zajmowanego lokalu mieszkalnego \/np. przydzia\u0142 lub umow\u0119 najmu\/, a tak\u017ce osoby posiadaj\u0105ce zad\u0142u\u017cenie wobec Sp\u00f3\u0142dzielni \/dla os\u00f3b, kt\u00f3re o dodatek ubiegaj\u0105 si\u0119 po raz pierwszy lub dla tych, kt\u00f3rzy swoje zad\u0142u\u017cenie powsta\u0142e w czasie otrzymywania dodatku ureguluj\u0105 w ca\u0142o\u015bci\/.<\/p>\n\n\n\n<p>Nie przyznaje si\u0119 dodatku, je\u015bli jego wysoko\u015b\u0107 mia\u0142aby by\u0107 ni\u017csza ni\u017c 0,5% kwoty przeci\u0119tnego wynagrodzenia w gospodarce narodowej, obowi\u0105zuj\u0105cego w dniu wydania decyzji ( aktualnie jest to <strong>44,52 z\u0142<\/strong>).<\/p>\n\n\n\n<p>Powierzchnia normatywna zajmowanego mieszkania dla os\u00f3b ubiegaj\u0105cych si\u0119 o dodatek mieszkaniowy wynosi:<\/p>\n\n\n\n<ul class=\"wp-block-list\">\n<li>35m<sup>2<\/sup> &#8211; dla 1 osoby<\/li>\n\n\n\n<li>40m<sup>2<\/sup> &#8211; dla 2 os\u00f3b<\/li>\n\n\n\n<li>45m<sup>2<\/sup> &#8211; dla 3 os\u00f3b<\/li>\n\n\n\n<li>55m<sup>2<\/sup> &#8211; dla 4 os\u00f3b<\/li>\n\n\n\n<li>65m<sup>2<\/sup> &#8211; dla 5 os\u00f3b<\/li>\n\n\n\n<li>70m<sup>2<\/sup> &#8211; dla 6 os\u00f3b, a w razie zamieszkiwania w lokalu mieszkalnym wi\u0119kszej liczby os\u00f3b dla ka\u017cdej osoby zwi\u0119ksza si\u0119 normatywn\u0105 powierzchni\u0119 tego lokalu o 5m<sup>2<\/sup>.<\/li>\n<\/ul>\n\n\n\n<p>O dodatek mieszkaniowy mog\u0105 ubiega\u0107 si\u0119 r\u00f3wnie\u017c osoby kt\u00f3rych powierzchnia zajmowanego lokalu jest o 30% wi\u0119ksza od podanych wy\u017cej powierzchni normatywnych, o 50% pod warunkiem, \u017ce udzia\u0142 powierzchni pokoi i kuchni w powierzchni u\u017cytkowej tego lokalu nie przekracza 60%. Zwi\u0119ksza si\u0119 r\u00f3wnie\u017c powierzchni\u0119 normatywn\u0105 o 15m<sup>2<\/sup> je\u017celi w lokalu mieszkalnym zamieszkuje osoba niepe\u0142nosprawna poruszaj\u0105ca si\u0119 na w\u00f3zku inwalidzkim lub osoba niepe\u0142nosprawna wymagaj\u0105ca zamieszkania w oddzielnym pokoju.<\/p>\n\n\n\n<p>&nbsp;&nbsp;&nbsp;&nbsp;&nbsp;&nbsp;&nbsp;&nbsp;&nbsp;&nbsp;&nbsp; Nale\u017cy tak\u017ce pami\u0119ta\u0107 o zachowaniu terminu sk\u0142adania wniosk\u00f3w o przyznanie dodatku mieszkaniowego. Kolejny wniosek o dodatek nale\u017cy z\u0142o\u017cy\u0107 w miesi\u0105cu, w kt\u00f3rym on si\u0119 ko\u0144czy, np. dodatek ko\u0144czy si\u0119 w miesi\u0105cu styczniu, to wniosek o kolejne jego przed\u0142u\u017cenie nale\u017cy r\u00f3wnie\u017c z\u0142o\u017cy\u0107 w miesi\u0105cu styczniu.<strong>Wszystkich zainteresowanych serdecznie zapraszamy do Dzia\u0142u Cz\u0142onkowsko- Mieszkaniowego Sp\u00f3\u0142dzielni pok. nr 6 tel. 32 2547-447, 32 2547-564, 32 2547-941 wew.45, 46, 47.<\/strong><\/p>\n\n\n\n<hr class=\"wp-block-separator has-alpha-channel-opacity\"\/>\n\n\n\n<p><strong>&nbsp;&nbsp;&nbsp;&nbsp;&nbsp;&nbsp;&nbsp;&nbsp;&nbsp;&nbsp;&nbsp;&nbsp;&nbsp;&nbsp;&nbsp;&nbsp;&nbsp;&nbsp;&nbsp;&nbsp;&nbsp;&nbsp;&nbsp;&nbsp;&nbsp;&nbsp;&nbsp;&nbsp;&nbsp;&nbsp;&nbsp;&nbsp;&nbsp;&nbsp;&nbsp;&nbsp;&nbsp;&nbsp;&nbsp;&nbsp;&nbsp;&nbsp;&nbsp;&nbsp;&nbsp;&nbsp;&nbsp;&nbsp;&nbsp;&nbsp;&nbsp;&nbsp;&nbsp;&nbsp;&nbsp;&nbsp;&nbsp;&nbsp;&nbsp;&nbsp;&nbsp;&nbsp;&nbsp;&nbsp;&nbsp;&nbsp;&nbsp;&nbsp;&nbsp;&nbsp;&nbsp;&nbsp;&nbsp;&nbsp;&nbsp;&nbsp;&nbsp;&nbsp;&nbsp;&nbsp;&nbsp;&nbsp;&nbsp;&nbsp;&nbsp;&nbsp;&nbsp;&nbsp;&nbsp;&nbsp;&nbsp;&nbsp;&nbsp;&nbsp;&nbsp;&nbsp;&nbsp;&nbsp;&nbsp;&nbsp;&nbsp;&nbsp;&nbsp;&nbsp;&nbsp;&nbsp;&nbsp;&nbsp; <\/strong>Luty 2024r.<\/p>\n\n\n\n<p class=\"has-text-align-left has-black-color has-text-color\">PRZYZNA<strong>N<\/strong>IE DODATKU MIESZKANIOWEGO Z MOC\u0104 WSTEC<strong>ZN\u0104<\/strong> &#8211;<a href=\"https:\/\/www.mops.katowice.pl\/node\/3253\" target=\"_blank\" rel=\"noreferrer noopener\"> czytaj dalej&#8230;.<\/a><\/p>\n","protected":false},"excerpt":{"rendered":"<p>SPRAWY CZ\u0141ONKOWSKO-MIESZKANIOWE DODATKI&nbsp; MIESZKANIOWE Pragniemy, ponownie przypomnie\u0107 mieszka\u0144com naszego Osiedla, o istniej\u0105cych mo\u017cliwo\u015bciach w uzyskaniu dop\u0142aty do czynszu, w formie dodatku mieszkaniowego. Dodatek mieszkaniowy to \u015bwiadczenie, kt\u00f3re ma by\u0107 wsparciem w trudnej sytuacji materialnej. Przyznawany jest raz na p\u00f3\u0142 roku przez Urz\u0105d Miasta. O dodatek mieszkaniowy mog\u0105 ubiega\u0107 si\u0119 osoby spe\u0142niaj\u0105ce ni\u017cej podane kryteria: \u015bredni doch\u00f3d na miesi\u0105c oblicza si\u0119 dziel\u0105c doch\u00f3d gospodarstwa domowego przez trzy (liczba miesi\u0119cy) i przez&hellip; <\/p>\n","protected":false},"author":1,"featured_media":0,"parent":206,"menu_order":5,"comment_status":"closed","ping_status":"closed","template":"","meta":{"footnotes":""},"class_list":["post-278","page","type-page","status-publish","hentry"],"_links":{"self":[{"href":"https:\/\/zaleskahalda.pl\/index.php\/wp-json\/wp\/v2\/pages\/278","targetHints":{"allow":["GET"]}}],"collection":[{"href":"https:\/\/zaleskahalda.pl\/index.php\/wp-json\/wp\/v2\/pages"}],"about":[{"href":"https:\/\/zaleskahalda.pl\/index.php\/wp-json\/wp\/v2\/types\/page"}],"author":[{"embeddable":true,"href":"https:\/\/zaleskahalda.pl\/index.php\/wp-json\/wp\/v2\/users\/1"}],"replies":[{"embeddable":true,"href":"https:\/\/zaleskahalda.pl\/index.php\/wp-json\/wp\/v2\/comments?post=278"}],"version-history":[{"count":17,"href":"https:\/\/zaleskahalda.pl\/index.php\/wp-json\/wp\/v2\/pages\/278\/revisions"}],"predecessor-version":[{"id":10611,"href":"https:\/\/zaleskahalda.pl\/index.php\/wp-json\/wp\/v2\/pages\/278\/revisions\/10611"}],"up":[{"embeddable":true,"href":"https:\/\/zaleskahalda.pl\/index.php\/wp-json\/wp\/v2\/pages\/206"}],"wp:attachment":[{"href":"https:\/\/zaleskahalda.pl\/index.php\/wp-json\/wp\/v2\/media?parent=278"}],"curies":[{"name":"wp","href":"https:\/\/api.w.org\/{rel}","templated":true}]}}