{"id":273,"date":"2020-06-25T11:37:08","date_gmt":"2020-06-25T09:37:08","guid":{"rendered":"http:\/\/dev.zaleskahalda.pl\/?page_id=273"},"modified":"2025-10-01T10:12:36","modified_gmt":"2025-10-01T08:12:36","slug":"organy-spoldzielni","status":"publish","type":"page","link":"https:\/\/zaleskahalda.pl\/index.php\/spoldzielnia\/organy-spoldzielni\/","title":{"rendered":"Organy sp\u00f3\u0142dzielni"},"content":{"rendered":"\n<h2 class=\"wp-block-heading has-text-color\" style=\"color:#01458b\"><strong>ORGANY SP\u00d3\u0141DZIELNI<\/strong><\/h2>\n\n\n\n<p><strong>CZYM JEST SP\u00d3\u0141DZIELNIA MIESZKANIOWA?<\/strong><\/p>\n\n\n\n<p>Definicj\u0119 sp\u00f3\u0142dzielni mieszkaniowej zawiera Ustawa Prawo sp\u00f3\u0142dzielcze. Brzmi ona nast\u0119puj\u0105co:<\/p>\n\n\n\n<p>\u201eSp\u00f3\u0142dzielnia jest dobrowolnym zrzeszeniem nieograniczonej liczby os\u00f3b, o zmiennym sk\u0142adzie osobowym i zmiennym funduszu udzia\u0142owym, kt\u00f3re w interesie swoich cz\u0142onk\u00f3w prowadzi wsp\u00f3ln\u0105 dzia\u0142alno\u015b\u0107 gospodarcz\u0105.\u201d<\/p>\n\n\n\n<p>Celem sp\u00f3\u0142dzielni mieszkaniowej jest przede wszystkim zaspokajanie potrzeb mieszkaniowych jej cz\u0142onk\u00f3w i ich rodzin poprzez dostarczanie im samodzielnych mieszka\u0144. Mo\u017ce te\u017c udost\u0119pnia\u0107 im lokale w innych celach, np. na dzia\u0142alno\u015b\u0107 us\u0142ugow\u0105 lub handlow\u0105.<\/p>\n\n\n\n<p>Cz\u0142onkami sp\u00f3\u0142dzielni mieszkaniowej mog\u0105 by\u0107 osoby fizyczne (tak\u017ce te, kt\u00f3re nie maj\u0105 pe\u0142nej zdolno\u015bci do czynno\u015bci prawnych) oraz osoby prawne.<\/p>\n\n\n\n<p>Cz\u0142onkami sp\u00f3\u0142dzielni mieszkaniowej mog\u0105 by\u0107 oboje ma\u0142\u017conkowie, nawet wtedy, kiedy prawo do lokalu przys\u0142uguje tylko jednemu z nich.<\/p>\n\n\n\n<p><strong>ORGANY SP\u00d3\u0141DZIELNI MIESZKANIOWEJ<\/strong><\/p>\n\n\n\n<p>Organami w naszej Sp\u00f3\u0142dzielni s\u0105:<\/p>\n\n\n\n<ol class=\"wp-block-list\">\n<li>Walne Zgromadzenie,<\/li>\n\n\n\n<li>Rada Nadzorcza,<\/li>\n\n\n\n<li>Zarz\u0105d,<\/li>\n<\/ol>\n\n\n\n<p><strong>WALNE ZGROMADZENIE<\/strong><\/p>\n\n\n\n<p>Najwy\u017cszym organem naszej Sp\u00f3\u0142dzielni jest Walne Zgromadzenie.<\/p>\n\n\n\n<p>Cz\u0142onek Sp\u00f3\u0142dzielni bierze w nim udzia\u0142 osobi\u015bcie. Natomiast osoba prawna b\u0119d\u0105ca cz\u0142onkiem Sp\u00f3\u0142dzielni reprezentowana jest na Walnym Zgromadzeniu przez ustanowionego dla tej czynno\u015bci pe\u0142nomocnika. Ka\u017cdy cz\u0142onek ma jeden g\u0142os.<\/p>\n\n\n\n<p>Walne Zgromadzenie zwo\u0142uje Zarz\u0105d przynajmniej raz w roku, ale mo\u017ce je zwo\u0142a\u0107 cz\u0119\u015bciej na \u017c\u0105danie:<\/p>\n\n\n\n<ul class=\"wp-block-list\">\n<li>Rady Nadzorczej,<\/li>\n\n\n\n<li>1\/10 og\u00f3\u0142u cz\u0142onk\u00f3w Sp\u00f3\u0142dzielni,<\/li>\n<\/ul>\n\n\n\n<p><strong>RADA NADZORCZA<\/strong><\/p>\n\n\n\n<p>Rada Nadzorcza sprawuje kontrol\u0119 i nadz\u00f3r nad dzia\u0142alno\u015bci\u0105 Sp\u00f3\u0142dzielni.<\/p>\n\n\n\n<p>Rada Nadzorcza sk\u0142ada si\u0119 z 10 cz\u0142onk\u00f3w wybranych przez Walne Zgromadzenie. Kadencja Rady trwa 3 lata<\/p>\n\n\n\n<p>Rada Nadzorcza uchwala plany gospodarcze, nadzoruje i kontroluje finanse, ocenia wykonywane remonty i inwestycje, przeprowadza kontrol\u0119 nad sposobem za\u0142atwiania przez Zarz\u0105d wniosk\u00f3w oraz rozpatruje skargi na jego dzia\u0142anie.<\/p>\n\n\n\n<p>Kompetencje Rady Nadzorczej zawiera Statut Sp\u00f3\u0142dzielni oraz Regulamin Rady Nadzorczej przyj\u0119ty uchwa\u0142\u0105 Walnego Zgromadzenia<\/p>\n\n\n\n<p><strong>ZARZ\u0104D<\/strong><\/p>\n\n\n\n<p>Zarz\u0105d kieruje dzia\u0142alno\u015bci\u0105 Sp\u00f3\u0142dzielni, reprezentuje j\u0105 na zewn\u0105trz, podejmuje decyzje nie zastrze\u017cone w ustawie lub Statucie dla innych organ\u00f3w oraz sk\u0142ada o\u015bwiadczenia woli za Sp\u00f3\u0142dzielni\u0119.<\/p>\n\n\n\n<p>Cz\u0142onkowie Zarz\u0105du s\u0105 wybierani i powo\u0142ywani przez Rad\u0119 Nadzorcz\u0105. Po wyborze nawi\u0105zywany jest z nimi stosunek pracy na podstawie umowy o prac\u0119.<\/p>\n\n\n\n<p>Walne Zgromadzenie mo\u017ce podczas swojego posiedzenia odwo\u0142a\u0107 cz\u0142onka Zarz\u0105du, kt\u00f3remu nie udzieli\u0142o absolutorium.<\/p>\n\n\n\n<p>Cz\u0142onek Zarz\u0105du nie mo\u017ce by\u0107 jednocze\u015bnie cz\u0142onkiem Rady Nadzorczej. Cz\u0142onkowie Zarz\u0105du i Rady Nadzorczej nie mog\u0105 bra\u0107 udzia\u0142u w g\u0142osowaniach ich dotycz\u0105cych.<\/p>\n\n\n\n<p><\/p>\n\n\n\n<hr class=\"wp-block-separator has-css-opacity\"\/>\n\n\n\n<p class=\"has-text-color\" style=\"color:#01458b\"><strong>ZARZ\u0104D SP\u00d3\u0141DZIELNI MIESZKANIOWEJ &#8222;ZA\u0141\u0118SKA HA\u0141DA&#8221;<\/strong><\/p>\n\n\n\n<p class=\"has-text-align-left\"><strong><strong>Dorota GAZDA<\/strong>     <\/strong>Prezes Zarz\u0105du; Dyrektor<\/p>\n\n\n\n<p class=\"has-text-align-left\"><strong>Anna FIGIEL<\/strong> z-ca Prezesa Zarz\u0105du; Dyrektor ds. Technicznych<\/p>\n\n\n\n<p class=\"has-text-align-left\"><strong>\u0141ukasz JURCZYK<\/strong> z-ca Prezesa Zarz\u0105du; Dyrektor ds. Eksploatacyjno-Cz\u0142onkowskich<\/p>\n\n\n\n<p><\/p>\n\n\n\n<hr class=\"wp-block-separator has-css-opacity\"\/>\n\n\n\n<p class=\"has-text-color\" style=\"color:#01458b\"><strong>CZ\u0141ONKOWIE RADY NADZORCZEJ SP\u00d3\u0141DZIELNI MIESZKANIOWEJ \u201eZA\u0141\u0118SKA HA\u0141DA&#8221; W KATOWICACH<\/strong> wybrani na Walnym Zgromadzeniu w dniu 24 maja 2025 roku<\/p>\n\n\n\n<p><strong>CZERNER Robert<\/strong> Przewodnicz\u0105cy Rady Nadzorczej<\/p>\n\n\n\n<p><strong>SZYLAR Piotr<\/strong> Zast\u0119pca Przewodnicz\u0105cego Rady Nadzorczej, cz\u0142onek Komisji Rewizyjnej<\/p>\n\n\n\n<p><strong>GUTKOWSKI MICHA\u0141<\/strong> Sekretarz Rady Nadzorczej, cz\u0142onek Komisji Technicznej i Gospodarki Zasobami    Mieszkaniowymi<\/p>\n\n\n\n<p><strong>DUBICKA KATARZYNA  <\/strong>Przewodnicz\u0105ca Komisji Rewizyjnej<\/p>\n\n\n\n<p><strong>K\u0118DZIOR MARCIN<\/strong> Przewodnicz\u0105cy Komisji Organizacyjno -Samorz\u0105dowej i Cz\u0142onkowskiej<\/p>\n\n\n\n<p><strong>BONK MICHA\u0141<\/strong> Przewodnicz\u0105cy Komisji Technicznej i Gospodarki Zasobami Mieszkaniowymi<\/p>\n\n\n\n<p><strong>WI\u015aNIECKA SYLWIA<\/strong> Cz\u0142onek Komisji Organizacyjno &#8211; Samorz\u0105dowej i Cz\u0142onkowskiej<\/p>\n\n\n\n<p><strong>KOWALEWSKA KATARZYNA<\/strong> Cz\u0142onek Komisji Organizacyjno-Samorz\u0105dowej i Cz\u0142onkowskiej<\/p>\n\n\n\n<p><strong>POLCZYK \u0141UKASZ<\/strong> Cz\u0142onek Komisji Technicznej i Gospodarki Zasobami Mieszkaniowymi<\/p>\n\n\n\n<p><\/p>\n","protected":false},"excerpt":{"rendered":"<p>ORGANY SP\u00d3\u0141DZIELNI CZYM JEST SP\u00d3\u0141DZIELNIA MIESZKANIOWA? Definicj\u0119 sp\u00f3\u0142dzielni mieszkaniowej zawiera Ustawa Prawo sp\u00f3\u0142dzielcze. Brzmi ona nast\u0119puj\u0105co: \u201eSp\u00f3\u0142dzielnia jest dobrowolnym zrzeszeniem nieograniczonej liczby os\u00f3b, o zmiennym sk\u0142adzie osobowym i zmiennym funduszu udzia\u0142owym, kt\u00f3re w interesie swoich cz\u0142onk\u00f3w prowadzi wsp\u00f3ln\u0105 dzia\u0142alno\u015b\u0107 gospodarcz\u0105.\u201d Celem sp\u00f3\u0142dzielni mieszkaniowej jest przede wszystkim zaspokajanie potrzeb mieszkaniowych jej cz\u0142onk\u00f3w i ich rodzin poprzez dostarczanie im samodzielnych mieszka\u0144. Mo\u017ce te\u017c udost\u0119pnia\u0107 im lokale w innych celach, np. na dzia\u0142alno\u015b\u0107&hellip; <\/p>\n","protected":false},"author":1,"featured_media":0,"parent":206,"menu_order":7,"comment_status":"closed","ping_status":"closed","template":"","meta":{"footnotes":""},"class_list":["post-273","page","type-page","status-publish","hentry"],"_links":{"self":[{"href":"https:\/\/zaleskahalda.pl\/index.php\/wp-json\/wp\/v2\/pages\/273","targetHints":{"allow":["GET"]}}],"collection":[{"href":"https:\/\/zaleskahalda.pl\/index.php\/wp-json\/wp\/v2\/pages"}],"about":[{"href":"https:\/\/zaleskahalda.pl\/index.php\/wp-json\/wp\/v2\/types\/page"}],"author":[{"embeddable":true,"href":"https:\/\/zaleskahalda.pl\/index.php\/wp-json\/wp\/v2\/users\/1"}],"replies":[{"embeddable":true,"href":"https:\/\/zaleskahalda.pl\/index.php\/wp-json\/wp\/v2\/comments?post=273"}],"version-history":[{"count":17,"href":"https:\/\/zaleskahalda.pl\/index.php\/wp-json\/wp\/v2\/pages\/273\/revisions"}],"predecessor-version":[{"id":9481,"href":"https:\/\/zaleskahalda.pl\/index.php\/wp-json\/wp\/v2\/pages\/273\/revisions\/9481"}],"up":[{"embeddable":true,"href":"https:\/\/zaleskahalda.pl\/index.php\/wp-json\/wp\/v2\/pages\/206"}],"wp:attachment":[{"href":"https:\/\/zaleskahalda.pl\/index.php\/wp-json\/wp\/v2\/media?parent=273"}],"curies":[{"name":"wp","href":"https:\/\/api.w.org\/{rel}","templated":true}]}}