{"id":27,"date":"2020-06-24T14:36:48","date_gmt":"2020-06-24T12:36:48","guid":{"rendered":"http:\/\/dev.zaleskahalda.pl\/?page_id=27"},"modified":"2025-11-18T13:56:23","modified_gmt":"2025-11-18T12:56:23","slug":"kontakt","status":"publish","type":"page","link":"https:\/\/zaleskahalda.pl\/index.php\/kontakt\/","title":{"rendered":"Kontakt"},"content":{"rendered":"\n<h2 class=\"wp-block-heading\"><strong><span style=\"color:#014689\" class=\"has-inline-color\">KONTAKT<\/span><\/strong><\/h2>\n\n\n<h3 style=\"text-align: center;\"><strong>SP\u00d3\u0141DZIELNIA MIESZKANIOWA \u201eZA\u0141\u0118SKA HA\u0141DA&#8221; W KATOWICACH<\/strong><\/h3>\n<p style=\"text-align: center;\"><span style=\"color: #014689;\"><strong>Adres:<br \/>40-824 Katowice, ul. Kwiatkowskiego 8<\/strong><\/span><\/p>\n<p><a href=\"http:\/\/dev.zaleskahalda.pl\/wp-content\/uploads\/2020\/06\/qr-wizyt-XL.png\" target=\"_blank\" rel=\"noopener noreferrer\"><img loading=\"lazy\" decoding=\"async\" class=\"fancybox aligncenter wp-image-56\" src=\"http:\/\/dev.zaleskahalda.pl\/wp-content\/uploads\/2020\/06\/qr-wizyt-XL.png\" alt=\"\" width=\"186\" height=\"186\" srcset=\"https:\/\/zaleskahalda.pl\/wp-content\/uploads\/2020\/06\/qr-wizyt-XL.png 744w, https:\/\/zaleskahalda.pl\/wp-content\/uploads\/2020\/06\/qr-wizyt-XL-300x300.png 300w, https:\/\/zaleskahalda.pl\/wp-content\/uploads\/2020\/06\/qr-wizyt-XL-150x150.png 150w\" sizes=\"auto, (max-width: 186px) 100vw, 186px\" \/><\/a><\/p>\n<p style=\"text-align: center;\">Centrala telefoniczna: <strong>32 254 79 41, 32 254 74 47, 32 254 75 64<\/strong><br \/>Sekretariat Prezesa Sp\u00f3\u0142dzielni: tel\/fax <strong>32 204-53-14<\/strong><br \/>adres poczty elektronicznej: <strong>sekretariat@zaleskahalda.pl<\/strong><\/p>\n<p style=\"text-align: center;\">Telefon zg\u0142oszeniowy (awarie) po godzinach pracy Sp\u00f3\u0142dzielni <strong>32 254 75 64<\/strong> (automatyczna sekretarka przekazuj\u0105ca zg\u0142oszenia konserwatorowi) lub <strong>609 757 555<\/strong><\/p>\n<p style=\"text-align: center;\"><span style=\"color: #014689;\"><strong>Agencja Nieruchomo\u015bci:<\/strong><\/span><br \/>przy Sp\u00f3\u0142dzielni Mieszkaniowej &#8222;Za\u0142\u0119ska Ha\u0142da&#8221;<br \/>tel. 32 254 74 47<br \/>32 254 79 41<br \/>32 254 75 64<br \/>wewn. 45, 46, 47<br \/>oraz<br \/>32 782 21 34<br \/>505 274 725<\/p>\n<p style=\"text-align: center;\"><span style=\"color: #014689;\"><strong>Godziny pracy SM \u201eZa\u0142\u0119ska Ha\u0142da&#8221; w Katowicach<\/strong><\/span><br \/>poniedzia\u0142ki od 8<sup>00<\/sup> do 17<sup>00<\/sup><br \/>wtorki i \u015brody od 7<sup>00<\/sup> do 15<sup>00<\/sup><br \/>czwartki od 7<sup>00<\/sup> do 16<sup>00<\/sup><br \/>pi\u0105tki od 7<sup>00<\/sup> do 13<sup>00<\/sup><\/p>\n<p style=\"text-align: center;\"><span style=\"color: #014689;\"><strong>Zg\u0142aszanie awarii<\/strong><\/span><br \/>w godzinach pracy Sp\u00f3\u0142dzielni tel: 32 254 74 47, 32 254 79 41, fax: 32 204-53-14 poza godzinami pracy tel: 32 254 75 64 lub 609 757 555<\/p>\n<p style=\"text-align: center;\"><span style=\"color: #014689;\"><strong>Cz\u0142onkowie Rady Nadzorczej Sp\u00f3\u0142dzielni<\/strong><\/span><br \/>dy\u017cury pe\u0142ni\u0105 w siedzibie Sp\u00f3\u0142dzielni w poniedzia\u0142ki w godz. 16<sup>00<\/sup>-17<sup>00<\/sup><\/p>\n<p style=\"text-align: center;\"><span style=\"color: #014689;\"><strong>Zarz\u0105d Sp\u00f3\u0142dzielni przyjmuje wnioski i skargi mieszka\u0144c\u00f3w<\/strong><\/span><br \/>w poniedzia\u0142ki w godz. 15<sup>00<\/sup>&#8211; 17<sup>00<\/sup><\/p>\n<p style=\"text-align: center;\">Kontakt z administratorem witryny: <strong>administrator@zaleskahalda.pl<\/strong><\/p>\n<p style=\"text-align: center;\"><a href=\"https:\/\/zaleskahalda.pl\/wp-content\/uploads\/2021\/03\/klauzula-formularz-kontaktowy-Zaleska-Halda.pdf\"><strong>Klauzula informacyjna RODO<\/strong><\/a><\/p>\n<p style=\"text-align: center;\"><span style=\"color: #014689;\"><strong>Kontakt za pomoc\u0105 formularza:<\/strong><\/span><\/p>\n<p style=\"text-align: center;\">\n<div class=\"wpcf7 no-js\" id=\"wpcf7-f39-o1\" lang=\"pl-PL\" dir=\"ltr\" data-wpcf7-id=\"39\">\n<div class=\"screen-reader-response\"><p role=\"status\" aria-live=\"polite\" aria-atomic=\"true\"><\/p> <ul><\/ul><\/div>\n<form action=\"\/index.php\/wp-json\/wp\/v2\/pages\/27#wpcf7-f39-o1\" method=\"post\" class=\"wpcf7-form init\" aria-label=\"Formularz kontaktowy\" novalidate=\"novalidate\" data-status=\"init\">\n<fieldset class=\"hidden-fields-container\"><input type=\"hidden\" name=\"_wpcf7\" value=\"39\" \/><input type=\"hidden\" name=\"_wpcf7_version\" value=\"6.1.5\" \/><input type=\"hidden\" name=\"_wpcf7_locale\" value=\"pl_PL\" \/><input type=\"hidden\" name=\"_wpcf7_unit_tag\" value=\"wpcf7-f39-o1\" \/><input type=\"hidden\" name=\"_wpcf7_container_post\" value=\"0\" \/><input type=\"hidden\" name=\"_wpcf7_posted_data_hash\" value=\"\" \/><input type=\"hidden\" name=\"_wpcf7_recaptcha_response\" value=\"\" \/>\n<\/fieldset>\n<p><label> Imi\u0119 i nazwisko (wymagane)<br \/>\n<span class=\"wpcf7-form-control-wrap\" data-name=\"your-name\"><input size=\"40\" maxlength=\"400\" class=\"wpcf7-form-control wpcf7-text wpcf7-validates-as-required\" aria-required=\"true\" aria-invalid=\"false\" value=\"\" type=\"text\" name=\"your-name\" \/><\/span> <\/label>\n<\/p>\n<p><label> Tw\u00f3j email (wymagane)<br \/>\n<span class=\"wpcf7-form-control-wrap\" data-name=\"your-email\"><input size=\"40\" maxlength=\"400\" class=\"wpcf7-form-control wpcf7-email wpcf7-validates-as-required wpcf7-text wpcf7-validates-as-email\" aria-required=\"true\" aria-invalid=\"false\" value=\"\" type=\"email\" name=\"your-email\" \/><\/span> <\/label>\n<\/p>\n<p><label> Temat<br \/>\n<span class=\"wpcf7-form-control-wrap\" data-name=\"your-subject\"><input size=\"40\" maxlength=\"400\" class=\"wpcf7-form-control wpcf7-text\" aria-invalid=\"false\" value=\"\" type=\"text\" name=\"your-subject\" \/><\/span> <\/label>\n<\/p>\n<p><label> Tre\u015b\u0107 wiadomo\u015bci<br \/>\n<span class=\"wpcf7-form-control-wrap\" data-name=\"your-message\"><textarea cols=\"40\" rows=\"10\" maxlength=\"2000\" class=\"wpcf7-form-control wpcf7-textarea\" aria-invalid=\"false\" name=\"your-message\"><\/textarea><\/span> <\/label>\n<\/p>\n<span class=\"wpcf7-form-control-wrap recaptcha\" data-name=\"recaptcha\"><span data-sitekey=\"6LfnL6sZAAAAAEShG3ErhR-Js5rFY3GhwdS4UA-o\" data-align=\"center\" class=\"wpcf7-form-control wpcf7-recaptcha g-recaptcha\"><\/span>\r\n<noscript>\r\n\t<div class=\"grecaptcha-noscript\">\r\n\t\t<iframe loading=\"lazy\" src=\"https:\/\/www.google.com\/recaptcha\/api\/fallback?k=6LfnL6sZAAAAAEShG3ErhR-Js5rFY3GhwdS4UA-o\" frameborder=\"0\" scrolling=\"no\" width=\"310\" height=\"430\">\r\n\t\t<\/iframe>\r\n\t\t<textarea name=\"g-recaptcha-response\" rows=\"3\" cols=\"40\" placeholder=\"reCaptcha Response Here\">\r\n\t\t<\/textarea>\r\n\t<\/div>\r\n<\/noscript>\r\n<\/span>\n<p><input class=\"wpcf7-form-control wpcf7-submit has-spinner\" type=\"submit\" value=\"Wy\u015blij\" \/>\n<\/p><div class=\"wpcf7-response-output\" aria-hidden=\"true\"><\/div>\n<\/form>\n<\/div>\n<\/p>","protected":false},"excerpt":{"rendered":"<p>KONTAKT SP\u00d3\u0141DZIELNIA MIESZKANIOWA \u201eZA\u0141\u0118SKA HA\u0141DA&#8221; W KATOWICACH Adres:40-824 Katowice, ul. Kwiatkowskiego 8 Centrala telefoniczna: 32 254 79 41, 32 254 74 47, 32 254 75 64Sekretariat Prezesa Sp\u00f3\u0142dzielni: tel\/fax 32 204-53-14adres poczty elektronicznej: sekretariat@zaleskahalda.pl Telefon zg\u0142oszeniowy (awarie) po godzinach pracy Sp\u00f3\u0142dzielni 32 254 75 64 (automatyczna sekretarka przekazuj\u0105ca zg\u0142oszenia konserwatorowi) lub 609 757 555 Agencja Nieruchomo\u015bci:przy Sp\u00f3\u0142dzielni Mieszkaniowej &#8222;Za\u0142\u0119ska Ha\u0142da&#8221;tel. 32 254 74 4732 254 79 4132 254 75 64wewn.&hellip; <\/p>\n","protected":false},"author":1,"featured_media":0,"parent":0,"menu_order":5,"comment_status":"closed","ping_status":"closed","template":"","meta":{"footnotes":""},"class_list":["post-27","page","type-page","status-publish","hentry"],"_links":{"self":[{"href":"https:\/\/zaleskahalda.pl\/index.php\/wp-json\/wp\/v2\/pages\/27","targetHints":{"allow":["GET"]}}],"collection":[{"href":"https:\/\/zaleskahalda.pl\/index.php\/wp-json\/wp\/v2\/pages"}],"about":[{"href":"https:\/\/zaleskahalda.pl\/index.php\/wp-json\/wp\/v2\/types\/page"}],"author":[{"embeddable":true,"href":"https:\/\/zaleskahalda.pl\/index.php\/wp-json\/wp\/v2\/users\/1"}],"replies":[{"embeddable":true,"href":"https:\/\/zaleskahalda.pl\/index.php\/wp-json\/wp\/v2\/comments?post=27"}],"version-history":[{"count":32,"href":"https:\/\/zaleskahalda.pl\/index.php\/wp-json\/wp\/v2\/pages\/27\/revisions"}],"predecessor-version":[{"id":9872,"href":"https:\/\/zaleskahalda.pl\/index.php\/wp-json\/wp\/v2\/pages\/27\/revisions\/9872"}],"wp:attachment":[{"href":"https:\/\/zaleskahalda.pl\/index.php\/wp-json\/wp\/v2\/media?parent=27"}],"curies":[{"name":"wp","href":"https:\/\/api.w.org\/{rel}","templated":true}]}}