{"id":262,"date":"2020-06-25T07:48:54","date_gmt":"2020-06-25T05:48:54","guid":{"rendered":"http:\/\/dev.zaleskahalda.pl\/?page_id=262"},"modified":"2026-03-19T08:23:34","modified_gmt":"2026-03-19T07:23:34","slug":"ogloszenia","status":"publish","type":"page","link":"https:\/\/zaleskahalda.pl\/index.php\/ogloszenia\/","title":{"rendered":"OG\u0141OSZENIA"},"content":{"rendered":"\n<p class=\"has-text-align-center\"><strong>APEL<\/strong><\/p>\n\n\n\n<p class=\"has-text-align-center\">Szanowni Pa\u0144stwo!<\/p>\n\n\n\n<p><strong>W zwi\u0105zku z powtarzaj\u0105cymi si\u0119 przypadkami zdarze\u0144&nbsp; z udzia\u0142em pieszych uczestnik\u00f3w ruchu drogowego, apelujemy o przestrzeganie przepis\u00f3w ruchu drogowego, stosowanie si\u0119 do znak\u00f3w drogowych oraz ostro\u017cno\u015b\u0107, czujno\u015b\u0107 i rozs\u0105dek w ruchu drogowym.&nbsp;&nbsp; <\/strong>&nbsp;<\/p>\n\n\n\n<p>Przypominamy, i\u017c pieszy ma obowi\u0105zek przestrzegania przepis\u00f3w ruchu drogowego w zakresie przechodzenia przez jezdni\u0119 w miejscach do tego wyznaczonych.&nbsp; Jednocze\u015bnie zabronione jest wchodzenie bezpo\u015brednio przed jad\u0105cy pojazd .<\/p>\n\n\n\n<p>Przepisy pozwalaj\u0105 pieszemu na przekroczenie jezdni poza przej\u015bciem, je\u015bli odleg\u0142o\u015b\u0107 od najbli\u017cszego takiego miejsca przekracza 100 metr\u00f3w. Jednak wcze\u015bniej musi si\u0119 upewni\u0107, czy mo\u017ce to zrobi\u0107 z zachowaniem zasad bezpiecze\u0144stwa i nie utrudni to ruchu pojazd\u00f3w, a kierowc\u00f3w nie zmusi do gwa\u0142townego hamowania. Pieszy w takim przypadku jest obowi\u0105zany ust\u0105pi\u0107 pierwsze\u0144stwa pojazdom i do przeciwleg\u0142ej kraw\u0119dzi jezdni i\u015b\u0107 drog\u0105 najkr\u00f3tsz\u0105 prostopadle do osi jezdni.<\/p>\n\n\n\n<p>Zgodnie z przepisami, ka\u017cdy pieszy ma obowi\u0105zek stosowa\u0107 elementy odblaskowe w obszarze niezabudowanym po zmroku. Powinien stosowa\u0107 odblaski w postaci kamizelek odblaskowych, znacznik\u00f3w, naklejek lub naszywek na ubrania, torebki czy plecaki.&nbsp;<\/p>\n\n\n\n<p><strong>Piesi powinni pami\u0119ta\u0107 o tym \u017ce:<\/strong><\/p>\n\n\n\n<p>&#8211; nale\u017cy porusza\u0107 si\u0119 lew\u0105 stron\u0105 jezdni,<br>&#8211; nale\u017cy przechodzi\u0107 przez jezdni\u0119 wy\u0142\u0105cznie w miejscach bezpiecznych lub wyznaczonych,<br>&#8211; by lepiej by\u0107 widocznym na drodze nale\u017cy nosi\u0107 jasne elementy odzie\u017cy,<br>&#8211; za miastem-id\u0105c poboczem drogi, nale\u017cy mie\u0107 przy sobie latark\u0119 lub elementy odblaskowe na odzie\u017cy,<br>-nietrze\u017awi stwarzaj\u0105 zagro\u017cenie nie tylko dla siebie , ale i innych u\u017cytkownik\u00f3w drogi.<\/p>\n\n\n\n<p><strong>Wszyscy uczestnicy ruchu drogowego powinni d\u0105\u017cy\u0107 do tego, aby podr\u00f3\u017ce by\u0142y bezpieczne i spokojne. Stosowanie si\u0119 do obowi\u0105zuj\u0105cych przepis\u00f3w to podstawa, kt\u00f3ra gwarantuje bezpiecze\u0144stwo zar\u00f3wno&nbsp; nam, jak i innym uczestnikom ruchu drogowego.<\/strong><\/p>\n\n\n\n<hr class=\"wp-block-separator has-alpha-channel-opacity\"\/>\n\n\n\n<p><a href=\"https:\/\/zaleskahalda.pl\/wp-content\/uploads\/2026\/01\/Komunikat-KMKWS-dot-trwajacego-sezonu-grzewczego.pdf\">Komunikat-KMKWS-dot-trwajacego-sezonu-grzewczego.pdf<\/a><\/p>\n\n\n\n<p><a href=\"https:\/\/zaleskahalda.pl\/wp-content\/uploads\/2026\/01\/Komunikat-do-umieszczenia-w-mediach-spolecznosciowych.pdf\">Komunikat-do-umieszczenia-w-mediach-spolecznosciowych.pdf<\/a><\/p>\n\n\n\n<hr class=\"wp-block-separator has-alpha-channel-opacity\"\/>\n\n\n\n<figure class=\"wp-block-image size-full is-resized\"><img decoding=\"async\" src=\"https:\/\/zaleskahalda.pl\/wp-content\/uploads\/2025\/09\/obraz-4.png\" alt=\"\" class=\"wp-image-9470\" style=\"width:671px;height:auto\"\/><\/figure>\n\n\n\n<p class=\"has-text-align-center\"><strong>&#8222;Winda do szcz\u0119\u015bliwszego dzieci\u0144stwa&#8221;<\/strong><\/p>\n\n\n\n<p>Dla kilkuset katowickich dzieci spok\u00f3j i dzieci\u0119ca rado\u015b\u0107 zaczyna si\u0119 dopiero, kiedy wejd\u0105 po schodach do Domu Anio\u0142\u00f3w Str\u00f3\u017c\u00f3w. Niestety, nie wszystkie potrzebuj\u0105ce dzieci maj\u0105 tak\u0105 mo\u017cliwo\u015b\u0107. W czasach kiedy windy w kilka minut zabieraj\u0105 ludzi na szczyty najwy\u017cszych wie\u017cowc\u00f3w, tu brakuje podno\u015bnika na chocia\u017cby wysoki parter.<\/p>\n\n\n\n<p>Mo\u017cesz to jednak zmieni\u0107 i zwi\u0119kszy\u0107 dost\u0119pno\u015b\u0107 Domu Anio\u0142\u00f3w Str\u00f3\u017c\u00f3w, a tym samym powi\u0119kszy\u0107 liczb\u0119&nbsp;dzieci, kt\u00f3rym ka\u017cdego dnia pomagaj\u0105 \u201eAnio\u0142y\u201d. Ka\u017cdy mo\u017ce wesprze\u0107 finansowo akcj\u0119 zakupu i monta\u017cu windy do domu przy ul. Gliwickiej 148 w Katowicach przesy\u0142aj\u0105c darowizn\u0119 na ten numer konta: ING Bank \u015al\u0105ski S.A. 36&nbsp;1050&nbsp;1214&nbsp;1000&nbsp;0022&nbsp;4957&nbsp;0207&nbsp;<\/p>\n\n\n\n<p>\u2013 Je\u015bli, tak jak my, wierzysz, \u017ce ka\u017cde dziecko zas\u0142uguje na szcz\u0119\u015bliwe dzieci\u0144stwo, mo\u017cesz pom\u00f3c je im zapewni\u0107 &#8211; t\u0142umaczy Monika Bajka, prezeska Domu Anio\u0142\u00f3w Str\u00f3\u017c\u00f3w. &#8211; Winda w naszym domu na Za\u0142\u0119\u017cu zwi\u0119kszy jeszcze nasze szanse pomocy r\u00f3wnie\u017c dzieciom z niepe\u0142nosprawno\u015bci\u0105 ruchow\u0105. Do setek historii zaopiekowanych dzieci, kt\u00f3re Pa\u0144stwu opowiadamy, dojd\u0105 kolejne. Staniemy si\u0119 te\u017c bardziej otwarci na goszczenie u nas terapeut\u00f3w, sponsor\u00f3w czy wolontariuszy, kt\u00f3rzy poruszaj\u0105 si\u0119 o w\u00f3zku, a dom Anio\u0142\u00f3w Str\u00f3\u017c\u00f3w stanie si\u0119 bezpieczn\u0105 przystani\u0105 dla kolejnych os\u00f3b.<\/p>\n\n\n\n<p>Bo w\u0142a\u015bnie tak\u0105 Dom Anio\u0142\u00f3w Str\u00f3\u017c\u00f3w jest dla ponad 600 maluch\u00f3w i nastolatk\u00f3w, kt\u00f3rzy potrzebuj\u0105 dodatkowej opieki. Ponad 30-letnia historia Anio\u0142\u00f3w rozpocz\u0119\u0142a si\u0119 w Katowicach i trwa do dzi\u015b.&nbsp; Przez te wszystkie lata budynek przy ul. Gliwickiej 148 sta\u0142 si\u0119 miejscem, gdzie dzieci ch\u0119tnie sp\u0119dzaj\u0105 czas. Tu zawsze czeka ciep\u0142y obiad, pomoc w nauce oraz odpowiedzialni doro\u015bli, kt\u00f3rzy wspieraj\u0105 dzieci w rozwi\u0105zywaniu ich problem\u00f3w.&nbsp;<\/p>\n\n\n\n<ul class=\"wp-block-list\">\n<li>Ka\u017cdego dnia likwidujemy lub minimalizujemy bariery, kt\u00f3re stoj\u0105&nbsp;na drodze rozwoju dzieci. S\u0105 jednak takie sytuacje, w kt\u00f3rych to my prosimy o pomoc w likwidowaniu barier. Tak jest w\u0142a\u015bnie teraz &#8211; podkre\u015bla Monika Bajka.<\/li>\n<\/ul>\n\n\n\n<p>Jak mo\u017cna pom\u00f3c dzieciom z Katowic? Wystarczy przekaza\u0107 darowizn\u0119 na rzecz windy, wykonuj\u0105c przelew na numer konta: ING Bank \u015al\u0105ski S.A. 36&nbsp;1050&nbsp;1214&nbsp;1000&nbsp;0022&nbsp;4957&nbsp;0207. Ka\u017cda wp\u0142ata ma znaczenie! Szczeg\u00f3\u0142y dotycz\u0105ce akcji znajduj\u0105 si\u0119 tutaj: <a href=\"http:\/\/anioly24.pl\/winda\" target=\"_blank\" rel=\"noreferrer noopener\">anioly24.pl\/winda<\/a>. Pom\u00f3\u017cmy razem, bo winda zmienia perspektyw\u0119.<\/p>\n\n\n\n<hr class=\"wp-block-separator has-alpha-channel-opacity\"\/>\n\n\n<div class=\"wp-block-image\">\n<figure class=\"aligncenter size-full is-resized\"><img loading=\"lazy\" decoding=\"async\" width=\"580\" height=\"753\" src=\"https:\/\/zaleskahalda.pl\/wp-content\/uploads\/2025\/09\/obraz-1.png\" alt=\"\" class=\"wp-image-9389\" style=\"width:552px;height:auto\" srcset=\"https:\/\/zaleskahalda.pl\/wp-content\/uploads\/2025\/09\/obraz-1.png 580w, https:\/\/zaleskahalda.pl\/wp-content\/uploads\/2025\/09\/obraz-1-231x300.png 231w\" sizes=\"auto, (max-width: 580px) 100vw, 580px\" \/><\/figure>\n<\/div>\n\n\n<hr class=\"wp-block-separator has-alpha-channel-opacity\"\/>\n\n\n\n<p class=\"has-text-align-center\"><strong>APEL<\/strong><\/p>\n\n\n\n<p class=\"has-text-align-center\">&#8222;Kradzie\u017ce rower\u00f3w&#8221;<\/p>\n\n\n\n<p><strong>&nbsp;&nbsp;&nbsp;&nbsp;&nbsp;&nbsp; Dzielnicowi Komisariatu Policji VII w Katowicach przypominaj\u0105:<br>Rozpoczyna si\u0119 sezon rowerowy, co wida\u0107 na drogach i \u015bcie\u017ckach rowerowych <\/strong><strong>naszego osiedla. Zwi\u0119ksza si\u0119 te\u017c zagro\u017cenie kradzie\u017cami jedno\u015blad\u00f3w. Chc\u0105c zapobiec utracie roweru, warto go odpowiednio zabezpieczy\u0107. Nale\u017cy te\u017c unika\u0107 sytuacji, w kt\u00f3rej nasz jedno\u015blad pozostawiony b\u0119dzie, cho\u0107by na chwil\u0119, bez odpowiedniej ochrony, np. w klatce schodowej czy pod sklepem. Z obserwacji policjant\u00f3w wynika, \u017ce rowery gin\u0105 najcz\u0119\u015bciej z tych w\u0142a\u015bnie miejsc. Co zatem zrobi\u0107, by uchroni\u0107 nasz rower przed kradzie\u017c\u0105 ?<\/strong><\/p>\n\n\n\n<p>Aby zmniejszy\u0107 ryzyko kradzie\u017cy naszego roweru, nale\u017cy pami\u0119ta\u0107, \u017ce z\u0142odziej najcz\u0119\u015bciej wykorzystuje:<\/p>\n\n\n\n<ul class=\"wp-block-list\">\n<li>pozostawienie roweru na niskim balkonie bez dobrego zabezpieczenia<\/li>\n\n\n\n<li>pozostawienie roweru na klace schodowej<\/li>\n\n\n\n<li>pozostawienie roweru na chwil\u0119 przed sklepem, barem, budynkiem mieszkalnym<\/li>\n\n\n\n<li>pozostawienie otwartych drzwi do gara\u017cu, piwnicy, domu lub mieszkania.<br>Oto kilka rad ze strony policjant\u00f3w, aby ustrzec si\u0119 przed kradzie\u017c\u0105 i utrudni\u0107 dzia\u0142anie z\u0142odziejowi:<\/li>\n\n\n\n<li>postaw na profesjonalne zabezpieczenie roweru \u2013 warto skorzysta\u0107 z mocnych i profesjonalnych blokad; nawet najprostsze zabezpieczenie mo\u017ce utrudni\u0107 kradzie\u017c;<\/li>\n\n\n\n<li>stosujmy zawsze linki rowerowe- zostawiaj\u0105c rower tylko na tzw. \u201echwilk\u0119\u201d przypnijmy rower do nieruchomej cz\u0119\u015bci otoczenia; warto pami\u0119ta\u0107, \u017ce linka powinna trzyma\u0107 ram\u0119 z ko\u0142em, a nie tylko ko\u0142o, kt\u00f3re \u0142atwo jest zdj\u0105\u0107;<\/li>\n\n\n\n<li>zadbajmy te\u017c o jak najlepsze zabezpieczenie naszej piwnicy, w kt\u00f3rej trzymamy rower &#8211; z\u0142odzieja goni czas, a zatem dobrze zabezpieczone piwnice b\u0119dzie omija\u0142;<\/li>\n\n\n\n<li>zwracajmy uwag\u0119 na to, kto wchodzi do naszej klatki schodowej; cz\u0119sto zdarza si\u0119, \u017ce wpuszczamy do bloku osoby ju\u017c po us\u0142yszenia dzwonka domofonu nie sprawdzaj\u0105c, kto chce wej\u015b\u0107 na klatk\u0119; w ten spos\u00f3b do bloku mog\u0105 dosta\u0107 si\u0119 r\u00f3\u017cne osoby, w\u015br\u00f3d kt\u00f3rych mo\u017ce by\u0107 z\u0142odziej;<\/li>\n\n\n\n<li>o wszystkich podejrzanych osobach zauwa\u017conych w okolicach naszego bloku, kt\u00f3re na przyk\u0142ad co\u015b wynosz\u0105 z piwnicy, wchodz\u0105 lub wychodz\u0105 z niej bez powodu, zawiadamiajmy Policj\u0119.<\/li>\n\n\n\n<li>uczulmy te\u017c nasze pociechy, aby nie pozostawia\u0142y swoich rower\u00f3w niezabezpieczonych lub bez nadzoru.<\/li>\n<\/ul>\n\n\n\n<p class=\"has-text-align-center\"><strong>&nbsp;&nbsp; <\/strong><strong>TELEFON 112 LUB&nbsp; 997<\/strong><\/p>\n\n\n\n<p class=\"has-text-align-center\"><strong>DY\u017bURNY KOMISARIATU POLICJI VII W KATOWICACH&nbsp;&nbsp;&nbsp;&nbsp;&nbsp;&nbsp;&nbsp;&nbsp;&nbsp;&nbsp;&nbsp;&nbsp;&nbsp;&nbsp;&nbsp;&nbsp;&nbsp;&nbsp;&nbsp;&nbsp; <\/strong><\/p>\n\n\n\n<p class=\"has-text-align-center\"><strong>47-851-39-00&nbsp;&nbsp;&nbsp;&nbsp;<\/strong><\/p>\n\n\n\n<hr class=\"wp-block-separator has-alpha-channel-opacity\"\/>\n\n\n\n<p><strong>&#8222;Bo ka\u017cde dziecko zas\u0142uguje na szcz\u0119\u015bliwe dzieci\u0144stwo.<\/strong><\/p>\n\n\n\n<p>Zdarza si\u0119, \u017ce dzie\u0144 9-letniej Kasi zaczyna si\u0119 od gotowania mleka i przewijania niemowlaka, potem pakuje plecak do szko\u0142y, a wieczorem uczy si\u0119 na kartk\u00f3wk\u0119. Bywaj\u0105 dni, gdy obowi\u0105zk\u00f3w jest jeszcze wi\u0119cej. Dodatkowe zadania spad\u0142y na ni\u0105, gdy jej mama zachorowa\u0142a na depresj\u0119 i straci\u0142a si\u0142y. Jako najstarsza z rodze\u0144stwa, Kasia musia\u0142a przej\u0105\u0107 doros\u0142e obowi\u0105zki, opiekuj\u0105c si\u0119 m\u0142odszym bratem.<\/p>\n\n\n\n<p>Takie sytuacje nie s\u0105 rzadko\u015bci\u0105. Ka\u017cdy mo\u017ce jednak pom\u00f3c dzieciom takim jak Kasia, przekazuj\u0105c 1,5% podatku na wsparcie Domu Anio\u0142\u00f3w Str\u00f3\u017c\u00f3w. Wystarczy wpisa\u0107 KRS 0000009221 w deklaracji PIT. \u015arodki te s\u0105 niezb\u0119dne do utrzymania drugich Dom\u00f3w i zapewnienia dzieciom codziennej opieki.<\/p>\n\n\n\n<p>\u2013 Je\u015bli, tak jak my, wierzysz, \u017ce ka\u017cde dziecko zas\u0142uguje na szcz\u0119\u015bliwe dzieci\u0144stwo, mo\u017cesz pom\u00f3c je im zapewni\u0107 \u2013 m\u00f3wi Monika Bajka, prezeska Domu Anio\u0142\u00f3w Str\u00f3\u017c\u00f3w. \u2013 Wiele dzieci, kt\u00f3re do nas trafiaj\u0105, mierzy si\u0119 z trudno\u015bciami, kt\u00f3re nie powinny by\u0107 cz\u0119\u015bci\u0105 ich dorastania. Naszym celem jest da\u0107 im przestrze\u0144, w kt\u00f3rej mog\u0105 czu\u0107 si\u0119 bezpiecznie, rozwija\u0107 si\u0119 i po prostu by\u0107 dzie\u0107mi &#8211; wyja\u015bnia. Nie tylko Kasia otrzyma\u0142a pomoc od Anio\u0142\u00f3w. Ada\u015b, 7-latek, kt\u00f3ry trafi\u0142 do stowarzyszenia z pluszowym zaj\u0105cem pod pach\u0105, r\u00f3wnie\u017c odnalaz\u0142 tu wsparcie i ciep\u0142o. Przyszed\u0142 smutny i zamkni\u0119ty w sobie \u2013 w jego domu brakowa\u0142o poczucia bezpiecze\u0144stwa, a on sam czu\u0142 si\u0119 gorszy od r\u00f3wie\u015bnik\u00f3w. Jego najwi\u0119kszym marzeniem by\u0142a zwyk\u0142a \u015bniadani\u00f3wka, \u017ceby m\u00f3c by\u0107 jak inne dzieci. Dzi\u0119ki Domowi Anio\u0142\u00f3w Str\u00f3\u017c\u00f3w nie tylko j\u0105 dosta\u0142 \u2013 prze\u017cy\u0142 te\u017c swoje pierwsze radosne \u015bwi\u0119ta, a jego tata otrzyma\u0142 wsparcie w znalezieniu pracy i rozpocz\u0105\u0142 terapi\u0119.<\/p>\n\n\n\n<p>W\u0142a\u015bnie takim dzieciom pomaga Dom Anio\u0142\u00f3w Str\u00f3\u017c\u00f3w. Stowarzyszenie wspiera ponad 600 maluch\u00f3w i nastolatk\u00f3w, kt\u00f3rzy potrzebuj\u0105 dodatkowej opieki. Ponad 30-letnia historia Anio\u0142\u00f3w rozpocz\u0119\u0142a si\u0119 w Katowicach i to tutaj, przy ul. Gliwickiej 148, nadal dzia\u0142a Drugi Dom dla Dzieci. To miejsce, gdzie zawsze czeka ciep\u0142y obiad, pomoc w nauce oraz odpowiedzialni doro\u015bli, kt\u00f3rzy wspieraj\u0105 dzieci w rozwi\u0105zywaniu ich problem\u00f3w.<\/p>\n\n\n\n<p>\u2013 Dzi\u0119ki wsparciu z 1,5% podatku mo\u017cemy finansowa\u0107 ciep\u0142e posi\u0142ki, zakup \u015brodk\u00f3w higienicznych i inne potrzeby dzieci, kt\u00f3re ka\u017cdego dnia trafiaj\u0105 pod nasze skrzyd\u0142a \u2013 m\u00f3wi Monika Bajka.<\/p>\n\n\n\n<p>Jak mo\u017cna pom\u00f3c dzieciom z Katowic? Deklaracje podatkowe za ubieg\u0142y rok mo\u017cna sk\u0142ada\u0107 do 30 kwietnia. Dokumenty, wst\u0119pnie wype\u0142nione przez Krajow\u0105 Administracj\u0119 Skarbow\u0105, s\u0105 dost\u0119pne w serwisie Tw\u00f3j e-PIT. Wystarczy wej\u015b\u0107 na stron\u0119 <a href=\"http:\/\/www.podatki.gov.pl\/\" target=\"_blank\" rel=\"noreferrer noopener\">www.podatki.gov.pl<\/a>&nbsp;i wybra\u0107 Dom Anio\u0142\u00f3w Str\u00f3\u017c\u00f3w jako organizacj\u0119, kt\u00f3rej chcemy przekaza\u0107 1,5% podatku.<\/p>\n\n\n\n<p>Stowarzyszenie Pomocy Dom Anio\u0142\u00f3w Str\u00f3\u017c\u00f3w, KRS 0000009221.&#8221;<\/p>\n\n\n\n<hr class=\"wp-block-separator has-alpha-channel-opacity\"\/>\n\n\n\n<p class=\"has-text-align-center\"><strong>APEL<\/strong><\/p>\n\n\n\n<p class=\"has-text-align-center\">Szanowni Pa\u0144stwo!<\/p>\n\n\n\n<p class=\"has-text-align-center\">&#8222;Bezpieczne mieszkanie&#8221;<\/p>\n\n\n\n<p class=\"has-text-align-center\"><strong>&nbsp;&nbsp;&nbsp;&nbsp;&nbsp;&nbsp; Dzielnicowi Komisariatu Policji VII w Katowicach przypominaj\u0105:<\/strong><strong><\/strong><\/p>\n\n\n\n<p class=\"has-text-align-left\">&nbsp;&nbsp;&nbsp;&nbsp;&nbsp;&nbsp;&nbsp;&nbsp;&nbsp;&nbsp;&nbsp; Apelujemy do mieszka\u0144c\u00f3w naszego osiedla by przestrzegali kilku porad aby nie stali si\u0119 ofiarami z\u0142odziei mieszkaniowych, a oto kilka z nich :<strong><\/strong><\/p>\n\n\n\n<ul class=\"wp-block-list\">\n<li><strong>&nbsp;wchodz\u0105c lub wychodz\u0105c z mieszkania zawsze zamykaj drzwi na klucz, nawet je\u015bli wychodzisz tylko na kr\u00f3tka chwil\u0119<\/strong><\/li>\n\n\n\n<li><strong>&nbsp;b\u0119d\u0105c w mieszkaniu zamykaj drzwi na zamki, zasuw\u0119 lub inne zabezpieczenie<\/strong><\/li>\n\n\n\n<li><strong>&nbsp;sprawdzaj czy w twoim otoczeniu nie znajduj\u0105 si\u0119 osoby, kt\u00f3re obserwuj\u0105 twoje zachowanie, mieszkanie<\/strong><\/li>\n\n\n\n<li><strong>&nbsp;Pami\u0119taj! Nie ma lepszego zabezpieczenia Twojego mieszkania ni\u017c dobry s\u0105siad. Niech Ci\u0119 nie irytuje, kiedy otwiera drzwi, gdy do Ciebie przychodz\u0105 go\u015bcie. Mo\u017cesz by\u0107 pewny, \u017ce je\u015bli przyjdzie z\u0142odziej, s\u0105siad nie zapomni uchyli\u0107 drzwi. Sam te\u017c interesuj si\u0119 osobami obcymi b\u0119d\u0105cymi na klatce schodowej.<\/strong><\/li>\n<\/ul>\n\n\n\n<p><strong>Apelujemy do wszystkich os\u00f3b, kt\u00f3re s\u0105 \u015bwiadkami przest\u0119pstw by nie pozostawali oboj\u0119tni wobec takich czyn\u00f3w i informowali o tym Policj\u0119 w my\u015bl kampanii \u201e Nie reagujesz akceptujesz\u201d.<\/strong><\/p>\n\n\n\n<p class=\"has-text-align-center\"><strong>JE\u015aLI ZAUWA\u017bY\u0141E\u015a CO\u015a NIEPOKOJ\u0104CEGO<\/strong><\/p>\n\n\n\n<p class=\"has-text-align-center\"><strong>DZWO\u0143 !!!<\/strong><\/p>\n\n\n\n<p class=\"has-text-align-center\"><strong>&nbsp;TELEFON 112 LUB&nbsp; 997<\/strong><\/p>\n\n\n\n<p class=\"has-text-align-center\"><strong>DY\u017bURNY KOMISARIATU POLICJI VII W KATOWICACH<\/strong><\/p>\n\n\n\n<p class=\"has-text-align-center\"><strong>&nbsp;47-851-39-00&nbsp;&nbsp;&nbsp;&nbsp;&nbsp;&nbsp;&nbsp;&nbsp;&nbsp;&nbsp;<\/strong><\/p>\n\n\n\n<hr class=\"wp-block-separator has-alpha-channel-opacity\"\/>\n\n\n<div class=\"wp-block-image\">\n<figure class=\"aligncenter size-full is-resized\"><img loading=\"lazy\" decoding=\"async\" width=\"665\" height=\"939\" src=\"https:\/\/zaleskahalda.pl\/wp-content\/uploads\/2024\/04\/image.png\" alt=\"\" class=\"wp-image-6612\" style=\"width:665px;height:auto\" srcset=\"https:\/\/zaleskahalda.pl\/wp-content\/uploads\/2024\/04\/image.png 665w, https:\/\/zaleskahalda.pl\/wp-content\/uploads\/2024\/04\/image-212x300.png 212w\" sizes=\"auto, (max-width: 665px) 100vw, 665px\" \/><\/figure>\n<\/div>\n\n\n<hr class=\"wp-block-separator has-alpha-channel-opacity\"\/>\n\n\n\n<h2 class=\"wp-block-heading has-text-align-center\"><strong>PAMI\u0118TAJ NIE JESTE\u015a SAM<\/strong><\/h2>\n\n\n<div class=\"wp-block-image\">\n<figure class=\"aligncenter size-full\"><img loading=\"lazy\" decoding=\"async\" width=\"643\" height=\"903\" src=\"https:\/\/zaleskahalda.pl\/wp-content\/uploads\/2024\/02\/image.png\" alt=\"\" class=\"wp-image-6380\" srcset=\"https:\/\/zaleskahalda.pl\/wp-content\/uploads\/2024\/02\/image.png 643w, https:\/\/zaleskahalda.pl\/wp-content\/uploads\/2024\/02\/image-214x300.png 214w\" sizes=\"auto, (max-width: 643px) 100vw, 643px\" \/><\/figure>\n<\/div>\n\n<div class=\"wp-block-image\">\n<figure class=\"aligncenter size-full\"><img loading=\"lazy\" decoding=\"async\" width=\"644\" height=\"890\" src=\"https:\/\/zaleskahalda.pl\/wp-content\/uploads\/2024\/02\/image-1.png\" alt=\"\" class=\"wp-image-6382\" srcset=\"https:\/\/zaleskahalda.pl\/wp-content\/uploads\/2024\/02\/image-1.png 644w, https:\/\/zaleskahalda.pl\/wp-content\/uploads\/2024\/02\/image-1-217x300.png 217w\" sizes=\"auto, (max-width: 644px) 100vw, 644px\" \/><\/figure>\n<\/div>\n\n\n<hr class=\"wp-block-separator has-alpha-channel-opacity\"\/>\n\n\n<div class=\"wp-block-image\">\n<figure class=\"aligncenter size-full is-resized\"><img loading=\"lazy\" decoding=\"async\" width=\"774\" height=\"803\" src=\"https:\/\/zaleskahalda.pl\/wp-content\/uploads\/2024\/01\/image-4.png\" alt=\"\" class=\"wp-image-6208\" style=\"width:707px;height:733px\" srcset=\"https:\/\/zaleskahalda.pl\/wp-content\/uploads\/2024\/01\/image-4.png 774w, https:\/\/zaleskahalda.pl\/wp-content\/uploads\/2024\/01\/image-4-289x300.png 289w, https:\/\/zaleskahalda.pl\/wp-content\/uploads\/2024\/01\/image-4-768x797.png 768w\" sizes=\"auto, (max-width: 774px) 100vw, 774px\" \/><\/figure>\n<\/div>\n\n\n<hr class=\"wp-block-separator has-alpha-channel-opacity\"\/>\n\n\n<div class=\"wp-block-image\">\n<figure class=\"aligncenter size-full\"><img loading=\"lazy\" decoding=\"async\" width=\"641\" height=\"903\" src=\"https:\/\/zaleskahalda.pl\/wp-content\/uploads\/2024\/01\/image.png\" alt=\"\" class=\"wp-image-6195\" srcset=\"https:\/\/zaleskahalda.pl\/wp-content\/uploads\/2024\/01\/image.png 641w, https:\/\/zaleskahalda.pl\/wp-content\/uploads\/2024\/01\/image-213x300.png 213w\" sizes=\"auto, (max-width: 641px) 100vw, 641px\" \/><\/figure>\n<\/div>\n\n\n<hr class=\"wp-block-separator has-alpha-channel-opacity\"\/>\n\n\n<div class=\"wp-block-image\">\n<figure class=\"aligncenter size-full\"><img loading=\"lazy\" decoding=\"async\" width=\"563\" height=\"793\" src=\"https:\/\/zaleskahalda.pl\/wp-content\/uploads\/2023\/11\/obraz-1.png\" alt=\"\" class=\"wp-image-5865\" srcset=\"https:\/\/zaleskahalda.pl\/wp-content\/uploads\/2023\/11\/obraz-1.png 563w, https:\/\/zaleskahalda.pl\/wp-content\/uploads\/2023\/11\/obraz-1-213x300.png 213w\" sizes=\"auto, (max-width: 563px) 100vw, 563px\" \/><\/figure>\n<\/div>\n\n\n<hr class=\"wp-block-separator has-alpha-channel-opacity\"\/>\n\n\n\n<p class=\"has-text-align-center\"><strong>INFORMACJA<\/strong><\/p>\n\n\n\n<p>W zwi\u0105zku z uruchomieniem nowych us\u0142ug w e-Urz\u0119dzie Skarbowym, Naczelnik Drugiego Urz\u0119du Skarbowego w Katowicach zwr\u00f3ci\u0142 si\u0119 z pro\u015bb\u0105 o udost\u0119pnienie linku:<\/p>\n\n\n\n<p><a href=\"https:\/\/www.podatki.gov.pl\/e-urzad-skarbowy\/\" target=\"_blank\" rel=\"noreferrer noopener\"> https:\/\/www.podatki.gov.pl\/e-urzad-skarbowy\/ <\/a><\/p>\n\n\n\n<p>Powy\u017csza strona umo\u017cliwia klientom szybki, \u0142atwy i kompleksowy spos\u00f3b za\u0142atwienia spraw podatkowych. Dzi\u0119ki personalizacji danych w e-Urz\u0119dzie Skarbowym zalogowany u\u017cytkownik ma dost\u0119p do przeznaczonych dla niego informacji i us\u0142ug.<\/p>\n\n\n\n<hr class=\"wp-block-separator has-alpha-channel-opacity\"\/>\n\n\n\n<figure class=\"wp-block-image size-large\"><img loading=\"lazy\" decoding=\"async\" width=\"740\" height=\"1024\" src=\"https:\/\/zaleskahalda.pl\/wp-content\/uploads\/2021\/10\/Plakat_Uwazaj_seniorze_UOKiK_Policja_ZUS_KRUS_nowy-1-1-pdf-740x1024.jpg\" alt=\"\" class=\"wp-image-2200\"\/><\/figure>\n\n\n\n<p><\/p>\n\n\n\n<hr class=\"wp-block-separator has-css-opacity\"\/>\n\n\n\n<p><strong>ZMIE\u0143 NAWYKI &#8211; WC TO NIE KOSZ NA \u015aMIECI!<\/strong><\/p>\n\n\n\n<p><a href=\"https:\/\/zaleskahalda.pl\/wp-content\/uploads\/2020\/07\/ZMIE\u0143-NAWYKI-og\u0142oszenie-na-klatk\u0119-dot-kanalizacji-1.pdf\" target=\"_blank\" rel=\"noreferrer noopener\">Czytaj wi\u0119cej<\/a><\/p>\n\n\n\n<hr class=\"wp-block-separator has-css-opacity\"\/>\n\n\n\n<p><strong>APELE POLICJI<\/strong><\/p>\n\n\n\n<ul class=\"wp-block-list\">\n<li><a rel=\"noreferrer noopener\" href=\"https:\/\/zaleskahalda.pl\/wp-content\/uploads\/2021\/07\/apel.pdf\" target=\"_blank\">Apel Policji &#8222;Nie reagujesz &#8211; akceptujesz&#8221;<\/a><\/li>\n\n\n\n<li><a rel=\"noreferrer noopener\" href=\"https:\/\/zaleskahalda.pl\/wp-content\/uploads\/2021\/07\/APEL-rowery.pdf\" target=\"_blank\">Apel &#8211; kradzie\u017ce rower\u00f3w<\/a><\/li>\n\n\n\n<li><a rel=\"noreferrer noopener\" href=\"https:\/\/zaleskahalda.pl\/wp-content\/uploads\/2021\/05\/apel-bezp-senior.pdf\" target=\"_blank\">Apel Policji &#8222;Bezpieczny Senior&#8221;<\/a><\/li>\n\n\n\n<li><a href=\"https:\/\/zaleskahalda.pl\/wp-content\/uploads\/2020\/09\/apel-bezpieczny-las.pdf\">Apel Policji &#8222;Bezpiecznie w lesie&#8221;<\/a><\/li>\n\n\n\n<li><a href=\"https:\/\/zaleskahalda.pl\/wp-content\/uploads\/2020\/09\/APEL.pdf\">Apel Policji &#8222;Uwa\u017cajmy na oszust\u00f3<\/a>w&#8221;<\/li>\n\n\n\n<li><a rel=\"noreferrer noopener\" href=\"https:\/\/zaleskahalda.pl\/wp-content\/uploads\/2020\/06\/Apel-policji-bezpieczne-mieszkanie.pdf\" target=\"_blank\">Apel Policji \u201eBezpieczne mieszkanie\u2026.\u201d<\/a><\/li>\n\n\n\n<li><a rel=\"noreferrer noopener\" href=\"https:\/\/zaleskahalda.pl\/wp-content\/uploads\/2020\/06\/KAMPANIA-POLICJI.pdf\" target=\"_blank\">Apel Policji &#8222;Seniorze nie daj si\u0119 oszuka\u0107!&#8221;<\/a><\/li>\n\n\n\n<li><a rel=\"noreferrer noopener\" href=\"https:\/\/zaleskahalda.pl\/wp-content\/uploads\/2021\/10\/apel-falszywe-sms.odt\" target=\"_blank\">Apel Policji &#8222;Fa\u0142szywe sms-y&#8221;<\/a><\/li>\n\n\n\n<li><a rel=\"noreferrer noopener\" href=\"https:\/\/zaleskahalda.pl\/wp-content\/uploads\/2021\/11\/apel-policjant-m2.odt\" target=\"_blank\">Apel Policji &#8211; oszustwa<\/a><\/li>\n<\/ul>\n\n\n\n<p><\/p>\n","protected":false},"excerpt":{"rendered":"<p>APEL Szanowni Pa\u0144stwo! W zwi\u0105zku z powtarzaj\u0105cymi si\u0119 przypadkami zdarze\u0144&nbsp; z udzia\u0142em pieszych uczestnik\u00f3w ruchu drogowego, apelujemy o przestrzeganie przepis\u00f3w ruchu drogowego, stosowanie si\u0119 do znak\u00f3w drogowych oraz ostro\u017cno\u015b\u0107, czujno\u015b\u0107 i rozs\u0105dek w ruchu drogowym.&nbsp;&nbsp; &nbsp; Przypominamy, i\u017c pieszy ma obowi\u0105zek przestrzegania przepis\u00f3w ruchu drogowego w zakresie przechodzenia przez jezdni\u0119 w miejscach do tego wyznaczonych.&nbsp; Jednocze\u015bnie zabronione jest wchodzenie bezpo\u015brednio przed jad\u0105cy pojazd . Przepisy pozwalaj\u0105 pieszemu na przekroczenie jezdni&hellip; <\/p>\n","protected":false},"author":1,"featured_media":0,"parent":0,"menu_order":5,"comment_status":"closed","ping_status":"closed","template":"","meta":{"footnotes":""},"class_list":["post-262","page","type-page","status-publish","hentry"],"_links":{"self":[{"href":"https:\/\/zaleskahalda.pl\/index.php\/wp-json\/wp\/v2\/pages\/262","targetHints":{"allow":["GET"]}}],"collection":[{"href":"https:\/\/zaleskahalda.pl\/index.php\/wp-json\/wp\/v2\/pages"}],"about":[{"href":"https:\/\/zaleskahalda.pl\/index.php\/wp-json\/wp\/v2\/types\/page"}],"author":[{"embeddable":true,"href":"https:\/\/zaleskahalda.pl\/index.php\/wp-json\/wp\/v2\/users\/1"}],"replies":[{"embeddable":true,"href":"https:\/\/zaleskahalda.pl\/index.php\/wp-json\/wp\/v2\/comments?post=262"}],"version-history":[{"count":291,"href":"https:\/\/zaleskahalda.pl\/index.php\/wp-json\/wp\/v2\/pages\/262\/revisions"}],"predecessor-version":[{"id":10718,"href":"https:\/\/zaleskahalda.pl\/index.php\/wp-json\/wp\/v2\/pages\/262\/revisions\/10718"}],"wp:attachment":[{"href":"https:\/\/zaleskahalda.pl\/index.php\/wp-json\/wp\/v2\/media?parent=262"}],"curies":[{"name":"wp","href":"https:\/\/api.w.org\/{rel}","templated":true}]}}