{"id":140,"date":"2020-06-24T20:23:52","date_gmt":"2020-06-24T18:23:52","guid":{"rendered":"http:\/\/dev.zaleskahalda.pl\/?page_id=140"},"modified":"2020-12-17T09:47:43","modified_gmt":"2020-12-17T08:47:43","slug":"agencja-nieruchomosci","status":"publish","type":"page","link":"https:\/\/zaleskahalda.pl\/index.php\/agencja-nieruchomosci\/","title":{"rendered":"Agencja Nieruchomo\u015bci"},"content":{"rendered":"\n<p class=\"has-text-align-center has-vivid-cyan-blue-color has-text-color\"><strong>AGENCJA&nbsp; NIERUCHOMO\u015aCI<\/strong><\/p>\n\n\n\n<p class=\"has-text-align-center has-vivid-cyan-blue-color has-text-color\"><strong>przy&nbsp; Sp\u00f3\u0142dzielni&nbsp; Mieszkaniowej&nbsp; \u201eZa\u0142\u0119ska&nbsp; Ha\u0142da\u201d<\/strong><\/p>\n\n\n\n<p class=\"has-text-align-center has-vivid-cyan-blue-color has-text-color\"><strong>40-824&nbsp; Katowice ul. Kwiatkowskiego 8<\/strong><\/p>\n\n\n\n<p class=\"has-text-align-center has-vivid-cyan-blue-color has-text-color\">www.zaleskahalda.pl<\/p>\n\n\n\n<p class=\"has-text-align-left\">Agencja Nieruchomo\u015bci przy Sp\u00f3\u0142dzielni Mieszkaniowej \u201eZa\u0142\u0119ska Ha\u0142da\u201d w Katowicach prowadzi dzia\u0142alno\u015b\u0107 nieprzerwanie od 1994 roku. Spe\u0142nia wszystkie wymogi prawne warunkuj\u0105ce jej profesjonalne prowadzenie oraz posiada stosowne ubezpieczenie od odpowiedzialno\u015bci cywilnej.<\/p>\n\n\n\n<p>Zapraszamy do korzystania z naszej pomocy w dokonaniu transakcji sprzeda\u017cy, zakupie, zamianie lub najmie lokali mieszkalnych, gara\u017cy i lokali u\u017cytkowych, jak r\u00f3wnie\u017c innych nieruchomo\u015bci.<\/p>\n\n\n\n<p>Oferujemy naszym Klientom profesjonaln\u0105 i rzeteln\u0105 obs\u0142ug\u0119, korzystne warunki finansowe za \u015bwiadczone us\u0142ugi w tym preferencje dla cz\u0142onk\u00f3w naszej Sp\u00f3\u0142dzielni.<\/p>\n\n\n\n<p>Klientami opiekujemy si\u0119 od momentu zawarcia umowy po\u015brednictwa, poprzez finalizacj\u0119 umowy kupna\/sprzeda\u017cy\/zamiany, do formalnego przekazania lokalu. <br>       Wsp\u00f3\u0142pracujemy z Kancelariami Notarialnymi, co gwarantuje bezpiecze\u0144stwo i komfort transakcji.<\/p>\n\n\n\n<p>Wszystkich ch\u0119tnych zapraszamy do kontaktu ze Sp\u00f3\u0142dzielni\u0105. Szczeg\u00f3\u0142owych informacji udziela Dzia\u0142 Cz\u0142onkowsko \u2013 Mieszkaniowy tel.:  32\u00a0254 74 47,\u00a0   32\u00a0254 79 41,\u00a0   32\u00a0254 75 64 \u00a0   wew. 45, 46, 47\u00a0 <br>lub  32\u00a0782 21 34,\u00a0  505\u00a0274\u00a0725.<\/p>\n","protected":false},"excerpt":{"rendered":"<p>AGENCJA&nbsp; NIERUCHOMO\u015aCI przy&nbsp; Sp\u00f3\u0142dzielni&nbsp; Mieszkaniowej&nbsp; \u201eZa\u0142\u0119ska&nbsp; Ha\u0142da\u201d 40-824&nbsp; Katowice ul. Kwiatkowskiego 8 www.zaleskahalda.pl Agencja Nieruchomo\u015bci przy Sp\u00f3\u0142dzielni Mieszkaniowej \u201eZa\u0142\u0119ska Ha\u0142da\u201d w Katowicach prowadzi dzia\u0142alno\u015b\u0107 nieprzerwanie od 1994 roku. Spe\u0142nia wszystkie wymogi prawne warunkuj\u0105ce jej profesjonalne prowadzenie oraz posiada stosowne ubezpieczenie od odpowiedzialno\u015bci cywilnej. Zapraszamy do korzystania z naszej pomocy w dokonaniu transakcji sprzeda\u017cy, zakupie, zamianie lub najmie lokali mieszkalnych, gara\u017cy i lokali u\u017cytkowych, jak r\u00f3wnie\u017c innych nieruchomo\u015bci. Oferujemy naszym Klientom&hellip; <\/p>\n","protected":false},"author":1,"featured_media":0,"parent":0,"menu_order":5,"comment_status":"closed","ping_status":"closed","template":"","meta":{"footnotes":""},"class_list":["post-140","page","type-page","status-publish","hentry"],"_links":{"self":[{"href":"https:\/\/zaleskahalda.pl\/index.php\/wp-json\/wp\/v2\/pages\/140","targetHints":{"allow":["GET"]}}],"collection":[{"href":"https:\/\/zaleskahalda.pl\/index.php\/wp-json\/wp\/v2\/pages"}],"about":[{"href":"https:\/\/zaleskahalda.pl\/index.php\/wp-json\/wp\/v2\/types\/page"}],"author":[{"embeddable":true,"href":"https:\/\/zaleskahalda.pl\/index.php\/wp-json\/wp\/v2\/users\/1"}],"replies":[{"embeddable":true,"href":"https:\/\/zaleskahalda.pl\/index.php\/wp-json\/wp\/v2\/comments?post=140"}],"version-history":[{"count":4,"href":"https:\/\/zaleskahalda.pl\/index.php\/wp-json\/wp\/v2\/pages\/140\/revisions"}],"predecessor-version":[{"id":1436,"href":"https:\/\/zaleskahalda.pl\/index.php\/wp-json\/wp\/v2\/pages\/140\/revisions\/1436"}],"wp:attachment":[{"href":"https:\/\/zaleskahalda.pl\/index.php\/wp-json\/wp\/v2\/media?parent=140"}],"curies":[{"name":"wp","href":"https:\/\/api.w.org\/{rel}","templated":true}]}}