{"id":119,"date":"2020-06-24T20:19:43","date_gmt":"2020-06-24T18:19:43","guid":{"rendered":"http:\/\/dev.zaleskahalda.pl\/?page_id=119"},"modified":"2026-04-21T09:25:52","modified_gmt":"2026-04-21T07:25:52","slug":"druki-do-pobrania","status":"publish","type":"page","link":"https:\/\/zaleskahalda.pl\/index.php\/druki-do-pobrania\/","title":{"rendered":"Druki do pobrania"},"content":{"rendered":"\n<h2 class=\"wp-block-heading\"><strong><span style=\"color:#014689\" class=\"has-inline-color\">DRUKI DO POBRANIA<\/span><\/strong><\/h2>\n\n\n\n<ul class=\"wp-block-list\">\n<li><a href=\"https:\/\/zaleskahalda.pl\/wp-content\/uploads\/2024\/09\/4149250_Oswiadczenie_o_liczbie_osob_zamieszkalych_w_lokalu_12786_240902123129.docx\">O\u015bwiadczenie o liczbie os\u00f3b zamieszka\u0142ych w lokalu<\/a><\/li>\n\n\n\n<li><a rel=\"noreferrer noopener\" href=\"https:\/\/zaleskahalda.pl\/wp-content\/uploads\/2020\/06\/Zalacznik-nr-1-do-Regulaminu-serwisu-e-uslugi-poprawiony-1.pdf\" target=\"_blank\">Wniosek o udost\u0119pnienie aplikacji &#8222;e-Us\u0142ugi&#8221;<\/a><\/li>\n\n\n\n<li><a rel=\"noreferrer noopener\" href=\"https:\/\/zaleskahalda.pl\/wp-content\/uploads\/2022\/05\/Deklaracja-przystapienia-do-Spoldzielni-na-strone-internetowa.docx\" target=\"_blank\">Deklaracja przyst\u0105pienia do Sp\u00f3\u0142dzielni<\/a><\/li>\n\n\n\n<li><a rel=\"noreferrer noopener\" href=\"https:\/\/zaleskahalda.pl\/wp-content\/uploads\/2022\/05\/wniosek-o-przeniesienie-wlasnosci-lokalu.docx\" target=\"_blank\">Wniosek o przeniesienie w\u0142asno\u015bci lokalu<\/a><\/li>\n\n\n\n<li><a rel=\"noreferrer noopener\" href=\"https:\/\/zaleskahalda.pl\/wp-content\/uploads\/2020\/06\/zgloszenie-szkody-UPR-S083-10072018.pdf\" target=\"_blank\">Zg\u0142oszenie szkody UNIQA<\/a><\/li>\n\n\n\n<li><a rel=\"noreferrer noopener\" href=\"https:\/\/zaleskahalda.pl\/wp-content\/uploads\/2021\/05\/Oswiadczenia-o-wzieciu-udzialu-w-przetargu-na-lokal-mieszkalny.docx\" target=\"_blank\">O\u015bwiadczenie o wzi\u0119ciu udzia\u0142u w przetargu na lokal mieszkalny<\/a><\/li>\n\n\n\n<li><a rel=\"noreferrer noopener\" href=\"https:\/\/zaleskahalda.pl\/wp-content\/uploads\/2021\/03\/Deklaracja-sprawozdanie.pdf\" target=\"_blank\">Deklaracja &#8211; sprawozdanie<\/a><\/li>\n\n\n\n<li><a rel=\"noreferrer noopener\" href=\"https:\/\/zaleskahalda.pl\/wp-content\/uploads\/2022\/01\/wniosek-o-zabezpieczenie-nagrania.pdf\" target=\"_blank\">Wniosek o zabezpieczenie nagrania<\/a><\/li>\n\n\n\n<li><a href=\"https:\/\/zaleskahalda.pl\/wp-content\/uploads\/2026\/02\/Oswiadczenie-osoby-posiadajacej-tytul-prawny-do-lokalu-korespondencyjny-adres-mailowy.pdf\">O\u015bwiadczenie &#8211; elektroniczny adres korespondencyjny<\/a> (z\u0142o\u017cenie pierwszego o\u015bwiadczenia, w celu weryfikacji to\u017csamo\u015bci, musi si\u0119 odby\u0107 osobi\u015bcie w siedzibie Sp\u00f3\u0142dzielni)<\/li>\n\n\n\n<li><a href=\"https:\/\/zaleskahalda.pl\/wp-content\/uploads\/2026\/02\/druk-na-adres-korespondencyjny.docx\">O\u015bwiadczenie &#8211; adres korespondencyjny<\/a><\/li>\n\n\n\n<li><a href=\"https:\/\/zaleskahalda.pl\/wp-content\/uploads\/2024\/11\/druk-upowaznienie.docx\">Upowa\u017cnienie<\/a><\/li>\n\n\n\n<li><a href=\"https:\/\/zaleskahalda.pl\/wp-content\/uploads\/2026\/04\/ZGLOSZENIE-KANDYDATA-NA-CZLONKA-RADY-NADZORCZEJ-SPOLDZIELNI-MIESZKANIOWEJ.docx\">Druk zg\u0142oszenia kandydata na cz\u0142onka Rady Nadzorczej Sp\u00f3\u0142dzielni Mieszkaniowej &#8222;Za\u0142\u0119ska Ha\u0142da&#8221;<\/a><\/li>\n\n\n\n<li><a href=\"https:\/\/zaleskahalda.pl\/wp-content\/uploads\/2026\/03\/Wniosek-w-sprawie-wydania-kopii-oraz-odpisow-dokumentow-obowiazujacych-w-Spoldzielni-Mieszkaniowej-Zaleska-Halda-w-Katowicach-lub-udostepniania-ich-do-wgladu.pdf\" data-type=\"attachment\" data-id=\"10799\">Wniosek w sprawie wydania kopii oraz odpis\u00f3w dokument\u00f3w obowi\u0105zuj\u0105cych w Sp\u00f3\u0142dzielni Mieszkaniowej &#8222;Za\u0142\u0119ska Ha\u0142da&#8221; w Katowicach lub udost\u0119pnienia ich do wgl\u0105du<\/a><\/li>\n\n\n\n<li><a href=\"https:\/\/zaleskahalda.pl\/wp-content\/uploads\/2026\/03\/Wniosek-o-wydanie-zaswiadczenia.pdf\" data-type=\"attachment\" data-id=\"10802\">Wniosek o wydanie za\u015bwiadczenia<\/a><\/li>\n<\/ul>\n\n\n\n<p><\/p>\n","protected":false},"excerpt":{"rendered":"<p>DRUKI DO POBRANIA<\/p>\n","protected":false},"author":1,"featured_media":0,"parent":0,"menu_order":5,"comment_status":"closed","ping_status":"closed","template":"","meta":{"footnotes":""},"class_list":["post-119","page","type-page","status-publish","hentry"],"_links":{"self":[{"href":"https:\/\/zaleskahalda.pl\/index.php\/wp-json\/wp\/v2\/pages\/119","targetHints":{"allow":["GET"]}}],"collection":[{"href":"https:\/\/zaleskahalda.pl\/index.php\/wp-json\/wp\/v2\/pages"}],"about":[{"href":"https:\/\/zaleskahalda.pl\/index.php\/wp-json\/wp\/v2\/types\/page"}],"author":[{"embeddable":true,"href":"https:\/\/zaleskahalda.pl\/index.php\/wp-json\/wp\/v2\/users\/1"}],"replies":[{"embeddable":true,"href":"https:\/\/zaleskahalda.pl\/index.php\/wp-json\/wp\/v2\/comments?post=119"}],"version-history":[{"count":39,"href":"https:\/\/zaleskahalda.pl\/index.php\/wp-json\/wp\/v2\/pages\/119\/revisions"}],"predecessor-version":[{"id":10985,"href":"https:\/\/zaleskahalda.pl\/index.php\/wp-json\/wp\/v2\/pages\/119\/revisions\/10985"}],"wp:attachment":[{"href":"https:\/\/zaleskahalda.pl\/index.php\/wp-json\/wp\/v2\/media?parent=119"}],"curies":[{"name":"wp","href":"https:\/\/api.w.org\/{rel}","templated":true}]}}