{"id":107,"date":"2020-06-24T20:16:23","date_gmt":"2020-06-24T18:16:23","guid":{"rendered":"http:\/\/dev.zaleskahalda.pl\/?page_id=107"},"modified":"2026-01-12T15:29:30","modified_gmt":"2026-01-12T14:29:30","slug":"rejony-i-gospodarze","status":"publish","type":"page","link":"https:\/\/zaleskahalda.pl\/index.php\/rejony-i-gospodarze\/","title":{"rendered":"Rejony i gospodarze"},"content":{"rendered":"\n<p><strong>REJON&nbsp; I<\/strong><\/p>\n\n\n\n<ol start=\"1\" class=\"wp-block-list\">\n<li><strong>WALKERS sp. z o.o. Katowice, Obroki 51\/28 <\/strong>\u2013&nbsp;tereny i budynki przy ulicy Grabskiego 5, 5a, 5b, 5c, 5d, 5e, 5f; Grabskiego 7, 7a, 7b, 7c, 7d; Grabskiego 9, 11, 13, 15; Kwiatkowskiego 4, 4a, 4b \u2013 305 mieszka\u0144, 19 klatek.<\/li>\n\n\n\n<li><strong>WALKERS sp. z o.o. Katowice, Obroki 51\/28 <\/strong>\u2013&nbsp;tereny i&nbsp;budynki przy ulicy Grabskiego 19, 19a, 19b, 19c; Grabskiego 21, 21a, 21b, 21c; Kwiatkowskiego 22, 22a, 22b, 22c; Kwiatkowskiego 24, 24a, 24b, 24c; Kwiatkowskiego 30, 30a \u2013 225 mieszka\u0144, 18 klatek.<\/li>\n\n\n\n<li><strong><strong>Pawe\u0142 Szargan<\/strong><\/strong> <strong>Us\u0142ugi Porz\u0105dkowo \u2013 Czysto\u015bciowe \u2013 Katowice, ul.\u00a0Barlickiego 21\/30 \u2013<\/strong> tereny i budynki przy ulicy Kwiatkowskiego 10, 10a, 10b; Kwiatkowskiego 12; Kwiatkowskiego 18, 18a, 18b, 18c; Kwiatkowskiego 26, 26a, 26b; Kwiatkowskiego 28, 28a, 28b, 28c; Grabskiego 29, 29a; pawilony handlowe Kwiatkowskiego 8 i Kwiatkowskiego 10 \u2013 236 mieszka\u0144, 16 klatek.<\/li>\n<\/ol>\n\n\n\n<p><strong>REJON&nbsp; II<\/strong><\/p>\n\n\n\n<ol class=\"wp-block-list\">\n<li><strong>GRUPA DUMA sp. z o.o. <\/strong>\u2013 <strong>Katowice,<\/strong> <strong>ul. Mickiewicza 29\/213 &#8211;<\/strong> tereny i&nbsp;budynki przy ulicy Rataja 4, 4a; Rataja 6, 6a; Rataja 8, 8a \u2013 170 mieszka\u0144, 6 klatek.<\/li>\n\n\n\n<li><strong>GRUPA DUMA sp. z o.o. <\/strong>\u2013 <strong>Katowice,<\/strong> <strong>ul. Mickiewicza 29\/213 <\/strong>\u2013 tereny i&nbsp;budynki przy ulicy Witosa 9, 9a, 9b; Witosa 11, 11a, 11b; Bardowskiego 3, 3a, 3b, 3c, 3d; Bardowskiego 8, 8a, 8b; Bardowskiego 10, 10a, 10b \u2013 338 mieszka\u0144, 17 klatek.<\/li>\n\n\n\n<li><strong>GRUPA DUMA sp. z o.o. <\/strong>\u2013 <strong>Katowice,<\/strong> <strong>ul. Mickiewicza 29\/213 \u2013 <\/strong>tereny i&nbsp;budynki przy ulicy Witosa 13, 13a, 13b, 13c; Witosa 15, 15a; pawilon handlowy Witosa 17 \u2013 125 mieszka\u0144, 6 klatek.<\/li>\n<\/ol>\n\n\n\n<p><strong>REJON&nbsp; III<\/strong><\/p>\n\n\n\n<ol start=\"1\" class=\"wp-block-list\">\n<li><strong>PU KRIS Krzysztof Reimann \u2013 \u015awi\u0119toch\u0142owice, ul. Kubiny 29a<\/strong> \u2013 tereny i&nbsp;budynki przy ulicy Witosa 20, 20a; Barlickiego 7, 7a, 7b, 7c; Barlickiego 9, 9a; Barlickiego 15, 15a, 15b, 15c; pawilon handlowy Barlickiego 5; MBP Katowice Filia nr 12 Witosa 18; kompleks boisk sportowych \u2013 183 mieszkania, 12 klatek.<\/li>\n\n\n\n<li><strong>PU KRIS Krzysztof Reimann \u2013 \u015awi\u0119toch\u0142owice, ul. Kubiny 29a<\/strong> \u2013 tereny i&nbsp;budynki przy ulicy Barlickiego 11, 11a; Barlickiego 13, 13a; Barlickiego 17; Barlickiego 17a, 19, 19a; Barlickiego 21, 21a \u2013 272 mieszkania, 10 klatek.<\/li>\n\n\n\n<li><strong>PU KRIS Krzysztof Reimann \u2013 \u015awi\u0119toch\u0142owice, ul. Kubiny 29a<\/strong> \u2013 tereny i&nbsp;budynki przy ulicy Witosa 22, 22a; Witosa 24, 24a; Witosa 28, 28a, 28b, 28c; Witosa 34, 34a; Witosa 36, 36a \u2013 264 mieszka\u0144, 12 klatek.<\/li>\n\n\n\n<li><strong>PU KRIS Krzysztof Reimann \u2013 \u015awi\u0119toch\u0142owice, ul. Kubiny 29a<\/strong> \u2013 tereny i&nbsp;budynki przy ulicy Witosa 26, 26a, 26b; Witosa 30, 30a; Witosa 32, 32a, 32b; Witosa 38, 38a, 38b \u2013 248 mieszka\u0144, 11 klatek.<\/li>\n<\/ol>\n\n\n\n<p><strong>REJON&nbsp; IV<\/strong><\/p>\n\n\n\n<ol start=\"1\" class=\"wp-block-list\">\n<li><strong>PU KRIS Krzysztof Reimann \u2013 \u015awi\u0119toch\u0142owice, ul. Kubiny 29a<\/strong> \u2013&nbsp;tereny i budynki przy ulicy Ossowskiego 14, 14a; Ossowskiego 16, 16a; Ossowskiego 18; Ossowskiego 20; Ossowskiego 24, 24a; Ossowskiego 26, 26a; Ossowskiego 34, 34a \u2013 280 mieszka\u0144, 12 klatek.<\/li>\n\n\n\n<li><strong>PU KRIS Krzysztof Reimann \u2013 \u015awi\u0119toch\u0142owice, ul. Kubiny 29a<\/strong> \u2013 tereny i budynki przy ulicy Ossowskiego 12, 12a; Ossowskiego 22, 22a; Osowskiego 28, 28a; Ossowskiego 30, 30a; Ossowskiego 32, 32a; Ossowskiego 38; Ossowskiego 40; Ossowskiego 42; Ossowskiego 44; Ossowskiego 46 \u2013 219 mieszka\u0144, 15 klatek.<\/li>\n\n\n\n<li><strong>PU KRIS Krzysztof Reimann \u2013 \u015awi\u0119toch\u0142owice, ul. Kubiny 29a<\/strong> <strong>\u2013<\/strong>&nbsp;tereny i&nbsp;budynki przy ulicy Rataja 16, 16a; Ossowskiego 2, 2a; Ossowskiego 4, 4a; Ossowskiego 6, 6a; Ossowskiego 8; Ossowskiego 10 \u2013 239 mieszka\u0144, 10 klatek.<\/li>\n\n\n\n<li><strong>GRUPA DUMA sp. z o.o. <\/strong>\u2013 <strong>Katowice,<\/strong> <strong>ul. Mickiewicza 29\/213 <\/strong>\u2013 tereny i&nbsp;budynki przy ulicy Mo\u015bcickiego 1, 1a; Mo\u015bcickiego 3; Mo\u015bcickiego 7, 7a; Mo\u015bcickiego 8, 8a; Mo\u015bcickiego 9, 9a; Mo\u015bcickiego 10; pawilon handlowy Mo\u015bcickiego 6 \u2013 169 mieszka\u0144, 10 klatek.<\/li>\n<\/ol>\n\n\n\n<p><strong>REJON&nbsp; V<\/strong><\/p>\n\n\n\n<ol class=\"wp-block-list\">\n<li><strong>WALKERS sp. z o.o. Katowice, Obroki 51\/28 <\/strong>\u2013&nbsp;tereny i budynki przy ulicy Obroki 47, 47a, 47b, 47c; Obroki 51; Obroki 51a, 51b, 51c; Obroki 53; Obroki 55a, 55b, 55c, 55d; Obroki 57a, 57b, 57c; Obroki 59a, 59b, 59c; Obroki 61a, 61b, 61c; Obroki 63a, 63b, 63c; pawilon handlowy Kossutha 2 \u2013 420 mieszka\u0144, 25 klatek.<\/li>\n<\/ol>\n\n\n\n<p><\/p>\n","protected":false},"excerpt":{"rendered":"<p>REJON&nbsp; I REJON&nbsp; II REJON&nbsp; III REJON&nbsp; IV REJON&nbsp; V<\/p>\n","protected":false},"author":1,"featured_media":0,"parent":0,"menu_order":5,"comment_status":"closed","ping_status":"closed","template":"","meta":{"footnotes":""},"class_list":["post-107","page","type-page","status-publish","hentry"],"_links":{"self":[{"href":"https:\/\/zaleskahalda.pl\/index.php\/wp-json\/wp\/v2\/pages\/107","targetHints":{"allow":["GET"]}}],"collection":[{"href":"https:\/\/zaleskahalda.pl\/index.php\/wp-json\/wp\/v2\/pages"}],"about":[{"href":"https:\/\/zaleskahalda.pl\/index.php\/wp-json\/wp\/v2\/types\/page"}],"author":[{"embeddable":true,"href":"https:\/\/zaleskahalda.pl\/index.php\/wp-json\/wp\/v2\/users\/1"}],"replies":[{"embeddable":true,"href":"https:\/\/zaleskahalda.pl\/index.php\/wp-json\/wp\/v2\/comments?post=107"}],"version-history":[{"count":9,"href":"https:\/\/zaleskahalda.pl\/index.php\/wp-json\/wp\/v2\/pages\/107\/revisions"}],"predecessor-version":[{"id":10233,"href":"https:\/\/zaleskahalda.pl\/index.php\/wp-json\/wp\/v2\/pages\/107\/revisions\/10233"}],"wp:attachment":[{"href":"https:\/\/zaleskahalda.pl\/index.php\/wp-json\/wp\/v2\/media?parent=107"}],"curies":[{"name":"wp","href":"https:\/\/api.w.org\/{rel}","templated":true}]}}